{"id":6343,"date":"2022-11-25T23:48:08","date_gmt":"2022-11-26T04:48:08","guid":{"rendered":"https:\/\/pasinex.com\/?page_id=6343"},"modified":"2022-11-25T23:50:23","modified_gmt":"2022-11-26T04:50:23","slug":"about-us","status":"publish","type":"page","link":"https:\/\/pasinex.com\/de\/about-us\/","title":{"rendered":"\u00dcber uns"},"content":{"rendered":"<p>[et_pb_section fb_built=&#8220;1&#8243; disabled_on=&#8220;on|on|off&#8220; admin_label=&#8220;Section&#8220; _builder_version=&#8220;4.16&#8243; _module_preset=&#8220;default&#8220; custom_padding=&#8220;0px||0px||true|false&#8220; saved_tabs=&#8220;all&#8220; global_colors_info=&#8220;{}&#8220;][et_pb_row _builder_version=&#8220;4.16&#8243; _module_preset=&#8220;default&#8220; custom_padding=&#8220;13px||13px||true|false&#8220; global_colors_info=&#8220;{}&#8220;][et_pb_column type=&#8220;4_4&#8243; _builder_version=&#8220;4.16&#8243; _module_preset=&#8220;default&#8220; global_colors_info=&#8220;{}&#8220;][et_pb_menu menu_id=&#8220;38&#8243; active_link_color=&#8220;#1D6CB6&#8243; module_id=&#8220;top-header-menu&#8220; _builder_version=&#8220;4.16&#8243; _module_preset=&#8220;default&#8220; menu_font=&#8220;|700|||||||&#8220; global_colors_info=&#8220;{}&#8220;][\/et_pb_menu][\/et_pb_column][\/et_pb_row][\/et_pb_section][et_pb_section fb_built=&#8220;1&#8243; fullwidth=&#8220;on&#8220; _builder_version=&#8220;4.16&#8243; global_colors_info=&#8220;{}&#8220;][et_pb_fullwidth_header title=&#8220;\u00dcber uns&#8220; _builder_version=&#8220;4.19.1&#8243; title_font=&#8220;|700|||||||&#8220; title_font_size=&#8220;50px&#8220; background_enable_color=&#8220;off&#8220; background_image=&#8220;https:\/\/pasinex.com\/wp-content\/uploads\/2018\/06\/highest-grade-zinc-mine.jpg&#8220; hover_enabled=&#8220;0&#8243; custom_css_title=&#8220;margin-top:100px;&#8220; global_colors_info=&#8220;{}&#8220; button_one_text_size__hover_enabled=&#8220;off&#8220; button_two_text_size__hover_enabled=&#8220;off&#8220; button_one_text_color__hover_enabled=&#8220;off&#8220; button_two_text_color__hover_enabled=&#8220;off&#8220; button_one_border_width__hover_enabled=&#8220;off&#8220; button_two_border_width__hover_enabled=&#8220;off&#8220; button_one_border_color__hover_enabled=&#8220;off&#8220; button_two_border_color__hover_enabled=&#8220;off&#8220; button_one_border_radius__hover_enabled=&#8220;off&#8220; button_two_border_radius__hover_enabled=&#8220;off&#8220; button_one_letter_spacing__hover_enabled=&#8220;off&#8220; button_two_letter_spacing__hover_enabled=&#8220;off&#8220; button_one_bg_color__hover_enabled=&#8220;off&#8220; button_two_bg_color__hover_enabled=&#8220;off&#8220; sticky_enabled=&#8220;0&#8243;][\/et_pb_fullwidth_header][\/et_pb_section][et_pb_section fb_built=&#8220;1&#8243; _builder_version=&#8220;4.16&#8243; _module_preset=&#8220;default&#8220; global_colors_info=&#8220;{}&#8220;][et_pb_row _builder_version=&#8220;4.16&#8243; _module_preset=&#8220;default&#8220; global_colors_info=&#8220;{}&#8220;][et_pb_column type=&#8220;4_4&#8243; _builder_version=&#8220;4.16&#8243; _module_preset=&#8220;default&#8220; global_colors_info=&#8220;{}&#8220;][et_pb_text module_class=&#8220;main-content&#8220; _builder_version=&#8220;4.19.1&#8243; global_colors_info=&#8220;{}&#8220;]<\/p>\n<p>Pasinex Resources Limited hat ein erstklassiges F\u00fchrungsteam zusammengestellt, um in vielversprechenden, hochgradig mineralisierten Zink-Blei-Silber-Konzessionen in rohstoffreichen Gegenden der T\u00fcrkei und Nevada (USA) Explorations-, Erschlie\u00dfungs- und F\u00f6rderaktivit\u00e4ten durchzuf\u00fchren. In der T\u00fcrkei hat das Management beschlossen, sich auf Gebiete zu konzentrieren, die innerhalb der beiden n\u00f6rdlich und \u00f6stlich verlaufenden Anatolischen Verwerfungen liegen, da sich dort sehr hochgradig mineralisierte Systeme befinden. Pasinex und sein Joint-Venture-Partner Akmetal f\u00f6rdern aktuell hochgradiges Zink aus ihrer Konzession Horzum.<\/p>\n<p>Die reichen Bodensch\u00e4tze der T\u00fcrkei haben kanadische Bergbauunternehmen wie Alamos Gold und Centerra Gold angezogen. Die Regierung setzt sich f\u00fcr die Rohstofferschlie\u00dfung ein, kann mit einer wachsenden Wirtschaft punkten und verf\u00fcgt \u00fcber hervorragend ausgebildete Arbeitskr\u00e4fte.<\/p>\n<p>Pasinex hat Niederlassungen in Kanada und der T\u00fcrkei.<\/p>\n<p>[\/et_pb_text][\/et_pb_column][\/et_pb_row][\/et_pb_section]<\/p>\n","protected":false},"excerpt":{"rendered":"<p>Pasinex Resources Limited hat ein erstklassiges F\u00fchrungsteam zusammengestellt, um in vielversprechenden, hochgradig mineralisierten Zink-Blei-Silber-Konzessionen in rohstoffreichen Gegenden der T\u00fcrkei und Nevada (USA) Explorations-, Erschlie\u00dfungs- und F\u00f6rderaktivit\u00e4ten durchzuf\u00fchren. In der T\u00fcrkei hat das Management beschlossen, sich auf Gebiete zu konzentrieren, die innerhalb der beiden n\u00f6rdlich und \u00f6stlich verlaufenden Anatolischen Verwerfungen liegen, da sich dort sehr hochgradig [&hellip;]<\/p>\n","protected":false},"author":1,"featured_media":0,"parent":0,"menu_order":0,"comment_status":"open","ping_status":"closed","template":"","meta":{"_et_pb_use_builder":"on","_et_pb_old_content":"","_et_gb_content_width":"","footnotes":""},"class_list":["post-6343","page","type-page","status-publish","hentry"],"_links":{"self":[{"href":"https:\/\/pasinex.com\/de\/wp-json\/wp\/v2\/pages\/6343","targetHints":{"allow":["GET"]}}],"collection":[{"href":"https:\/\/pasinex.com\/de\/wp-json\/wp\/v2\/pages"}],"about":[{"href":"https:\/\/pasinex.com\/de\/wp-json\/wp\/v2\/types\/page"}],"author":[{"embeddable":true,"href":"https:\/\/pasinex.com\/de\/wp-json\/wp\/v2\/users\/1"}],"replies":[{"embeddable":true,"href":"https:\/\/pasinex.com\/de\/wp-json\/wp\/v2\/comments?post=6343"}],"version-history":[{"count":0,"href":"https:\/\/pasinex.com\/de\/wp-json\/wp\/v2\/pages\/6343\/revisions"}],"wp:attachment":[{"href":"https:\/\/pasinex.com\/de\/wp-json\/wp\/v2\/media?parent=6343"}],"curies":[{"name":"wp","href":"https:\/\/api.w.org\/{rel}","templated":true}]}}