{"id":6347,"date":"2022-11-25T23:58:27","date_gmt":"2022-11-26T04:58:27","guid":{"rendered":"https:\/\/pasinex.com\/?page_id=6347"},"modified":"2022-12-07T12:49:31","modified_gmt":"2022-12-07T17:49:31","slug":"board-of-directors","status":"publish","type":"page","link":"https:\/\/pasinex.com\/de\/about-us\/board-of-directors\/","title":{"rendered":"Board of Directors"},"content":{"rendered":"<p>[et_pb_section fb_built=&#8220;1&#8243; disabled_on=&#8220;on|on|off&#8220; admin_label=&#8220;Section&#8220; _builder_version=&#8220;4.16&#8243; _module_preset=&#8220;default&#8220; custom_padding=&#8220;0px||0px||true|false&#8220; saved_tabs=&#8220;all&#8220; global_colors_info=&#8220;{}&#8220;][et_pb_row _builder_version=&#8220;4.16&#8243; _module_preset=&#8220;default&#8220; custom_padding=&#8220;13px||13px||true|false&#8220; global_colors_info=&#8220;{}&#8220;][et_pb_column type=&#8220;4_4&#8243; _builder_version=&#8220;4.16&#8243; _module_preset=&#8220;default&#8220; global_colors_info=&#8220;{}&#8220;][et_pb_menu menu_id=&#8220;38&#8243; active_link_color=&#8220;#1D6CB6&#8243; module_id=&#8220;top-header-menu&#8220; _builder_version=&#8220;4.16&#8243; _module_preset=&#8220;default&#8220; menu_font=&#8220;|700|||||||&#8220; global_colors_info=&#8220;{}&#8220;][\/et_pb_menu][\/et_pb_column][\/et_pb_row][\/et_pb_section][et_pb_section fb_built=&#8220;1&#8243; fullwidth=&#8220;on&#8220; _builder_version=&#8220;4.16&#8243; global_colors_info=&#8220;{}&#8220;][et_pb_fullwidth_header title=&#8220;Board of Directors&#8220; _builder_version=&#8220;4.16&#8243; title_font=&#8220;|700||on|||||&#8220; title_font_size=&#8220;50px&#8220; background_enable_color=&#8220;off&#8220; background_image=&#8220;https:\/\/pasinex.com\/wp-content\/uploads\/2018\/06\/zinc-mining-company-1.jpg&#8220; custom_css_title=&#8220;margin-top:100px;&#8220; global_colors_info=&#8220;{}&#8220; button_one_text_size__hover_enabled=&#8220;off&#8220; button_one_text_size__hover=&#8220;null&#8220; button_two_text_size__hover_enabled=&#8220;off&#8220; button_two_text_size__hover=&#8220;null&#8220; button_one_text_color__hover_enabled=&#8220;off&#8220; button_one_text_color__hover=&#8220;null&#8220; button_two_text_color__hover_enabled=&#8220;off&#8220; button_two_text_color__hover=&#8220;null&#8220; button_one_border_width__hover_enabled=&#8220;off&#8220; button_one_border_width__hover=&#8220;null&#8220; button_two_border_width__hover_enabled=&#8220;off&#8220; button_two_border_width__hover=&#8220;null&#8220; button_one_border_color__hover_enabled=&#8220;off&#8220; button_one_border_color__hover=&#8220;null&#8220; button_two_border_color__hover_enabled=&#8220;off&#8220; button_two_border_color__hover=&#8220;null&#8220; button_one_border_radius__hover_enabled=&#8220;off&#8220; button_one_border_radius__hover=&#8220;null&#8220; button_two_border_radius__hover_enabled=&#8220;off&#8220; button_two_border_radius__hover=&#8220;null&#8220; button_one_letter_spacing__hover_enabled=&#8220;off&#8220; button_one_letter_spacing__hover=&#8220;null&#8220; button_two_letter_spacing__hover_enabled=&#8220;off&#8220; button_two_letter_spacing__hover=&#8220;null&#8220; button_one_bg_color__hover_enabled=&#8220;off&#8220; button_one_bg_color__hover=&#8220;null&#8220; button_two_bg_color__hover_enabled=&#8220;off&#8220; button_two_bg_color__hover=&#8220;null&#8220;][\/et_pb_fullwidth_header][\/et_pb_section][et_pb_section fb_built=&#8220;1&#8243; _builder_version=&#8220;4.16&#8243; _module_preset=&#8220;default&#8220; global_colors_info=&#8220;{}&#8220;][et_pb_row _builder_version=&#8220;4.16&#8243; _module_preset=&#8220;default&#8220; global_colors_info=&#8220;{}&#8220;][et_pb_column type=&#8220;4_4&#8243; _builder_version=&#8220;4.16&#8243; _module_preset=&#8220;default&#8220; global_colors_info=&#8220;{}&#8220;][et_pb_text _builder_version=&#8220;4.19.2&#8243; _module_preset=&#8220;default&#8220; hover_enabled=&#8220;0&#8243; global_colors_info=&#8220;{}&#8220; sticky_enabled=&#8220;0&#8243;]<\/p>\n<h4>Dr. Larry Seeley<\/h4>\n<p><strong>Executive Chairman<\/strong><br \/><span style=\"font-weight: 400;\">Dr. Seeley ist Chairman und CEO von Seeley Group Ltd. Er war CEO von Recapture Metals Limited und als Hauptaktion\u00e4r an der Entwicklung des Unternehmens mit zwei Werken in Ontario, einem in den USA und einem in Deutschland, wo Gallium, Indium und Rhenium produziert werden, beteiligt. Recapture wurde an Neo Materials Technologies Inc. verkauft. Von 1992 bis 2004 war Dr. Seeley President und CEO sowie Hauptaktion\u00e4r der Firma Lakefield Research Limited, die er zu einem Dienstleistungsunternehmen mit \u00fcber 1.000 Mitarbeitern f\u00fcr die Bereiche Metallurgie, analytische Chemie, Mineralogie und Umwelt sowie Labors und Pilotanlagen in Kanada, S\u00fcdamerika, S\u00fcdafrika und Australien aufbaute. Lakefield Research wurde im Jahr 2002 an SGS verkauft. Er war zudem 25 Jahre lang bei der Firma Falconbridge t\u00e4tig und bekleidete dort die Posten des Corporate Vice-President Environment, des Director of Sudbury Metallurgical Operations, des Manager of Corporate Metallurgical Research and Development, des Manager Sudbury Smelter sowie weitere Funktionen in den Bereichen Betrieb und Technologie.<\/span><\/p>\n<p>[\/et_pb_text][et_pb_text module_class=&#8220;main-content&#8220; _builder_version=&#8220;4.19.2&#8243; custom_padding=&#8220;|40px|||false|false&#8220; custom_padding_tablet=&#8220;&#8220; custom_padding_phone=&#8220;|||40px&#8220; custom_padding_last_edited=&#8220;on|phone&#8220; hover_enabled=&#8220;0&#8243; global_colors_info=&#8220;{}&#8220; sticky_enabled=&#8220;0&#8243;]<\/p>\n<h4>Vic Wells<\/h4>\n<p><strong>Leitender Director des Boards<\/strong><br \/><span style=\"font-weight: 400;\">Herr Wells ist ein Director des Unternehmens und Finanzexperte mit \u00fcber 20 Jahren Erfahrung in den Bereichen Ressourcen, Transport und Produktion. Herr Wells war als Vice President Finance, Chief Financial Officer sowie in anderen F\u00fchrungspositionen im Finanzbereich bei den Firmen Chemtrade Logistics Income Fund, Tahera Diamond Corporation und Titanium Corporation besch\u00e4ftigt. Davor war Herr Wells als Director bei den Firmen MagIndustries Corp., Northstar Healthcare Inc., TriNorth Capital Inc., Student Transportation Inc., Unique Broadband Systems Inc. und GT Canada Medical Properties Inc. t\u00e4tig sowie Treuh\u00e4nder des Canada Cartage Diversified Income Fund. Er ist Mitglied der Financial Executives International (FEI) und hat dort eine Amtszeit als National President und CEO absolviert. Zudem war er Chapter President und Director sowie Vorsitzender der Canadian Executives Research Foundation. Herr Wells ist ein konzessionierter Wirtschaftspr\u00fcfer (Chartered Professional Accountant) und ein Fellow der Institutes of Chartered Professional Accountants in den Provinzen Ontario und British Columbia. Herr Wells absolvierte das Directors Education Program am Institute of Corporate Directors und erhielt eine ICD.D-Designierung.<\/span><\/p>\n<p>[\/et_pb_text][et_pb_text module_class=&#8220;main-content&#8220; _builder_version=&#8220;4.19.2&#8243; custom_padding=&#8220;|40px|||false|false&#8220; custom_padding_tablet=&#8220;&#8220; custom_padding_phone=&#8220;|||40px&#8220; custom_padding_last_edited=&#8220;on|phone&#8220; hover_enabled=&#8220;0&#8243; global_colors_info=&#8220;{}&#8220; sticky_enabled=&#8220;0&#8243;]<\/p>\n<h4>Jonathan Challis<\/h4>\n<p><strong>Board-Mitglied<\/strong><br \/><span style=\"font-weight: 400;\">Herr Challis ist ein Director des Unternehmens. Als Bergbauingenieur kann er mehr als 30 Jahre Erfahrung im Betrieb und in der Finanzierung und Analyse von internationalen Bergbauprojekten vorweisen. Er hat am University College in Cardiff einen Abschluss mit Auszeichnung im Fach Mineralf\u00f6rderung und an der Cranfield University einen MBA-Abschluss erworben und ist Inhaber diverser Bef\u00e4higungsnachweise f\u00fcr S\u00fcdafrika (Metalliferous Mine Captain\u2019s Certificate of Competency und Mine Manager&#8217;s Certificate of Competency). Herr Challis ist ein Fellow der Institution of Materials, Minerals and Mining und ein konzessionierter Ingenieur (Chartered Engineer), war als Director in zahlreichen Boards von Bergbauunternehmen t\u00e4tig und ist derzeit Mitglied im Board der Firmen District Metals Corp. und Alerio Gold Corp. Bei Alerio Gold Corp. bekleidet Herr Challis die Rolle des CEO. Bis April 2018 war er Chairman und Mitglied des Pr\u00fcfungsausschusses der Firma Rye Patch Gold Corp. <\/span><\/p>\n<p>[\/et_pb_text][et_pb_text module_class=&#8220;main-content&#8220; _builder_version=&#8220;4.19.2&#8243; custom_padding=&#8220;|40px|||false|false&#8220; custom_padding_tablet=&#8220;&#8220; custom_padding_phone=&#8220;|||40px&#8220; custom_padding_last_edited=&#8220;on|phone&#8220; hover_enabled=&#8220;0&#8243; global_colors_info=&#8220;{}&#8220; sticky_enabled=&#8220;0&#8243;]<\/p>\n<h4>Joachim Rainer<\/h4>\n<p><strong>Board-Mitglied<\/strong><br \/><span style=\"font-weight: 400;\">Herr Rainer ist Unternehmer und Gr\u00fcnder der Rainer Beteiligungsgesellschaft GmbH. Als Gesch\u00e4ftsf\u00fchrer ist er f\u00fcr die Projektakquise, die Strukturierung von Unternehmen und Beteiligungen sowie die Gesch\u00e4ftsentwicklung neuer aufstrebender und innovativer Unternehmen zust\u00e4ndig. Vor der Gr\u00fcndung seines eigenen Unternehmens im Jahr 2002 war er im Hotelmanagement t\u00e4tig und arbeitete in einer \u00f6sterreichischen Bank, wo er Privat- und Firmenkunden beim Handel mit Rohstoffen und Aktien unterst\u00fctzte. Herr Rainer hat ein CEFA-Diplom (Certified European Financial Analyst). Seit 2005 hat er sich dem Aufbau eines Netzwerks aus Gesch\u00e4ftskontakten in Europa und der T\u00fcrkei verschrieben.<\/span><\/p>\n<p>[\/et_pb_text][\/et_pb_column][\/et_pb_row][\/et_pb_section]<\/p>\n","protected":false},"excerpt":{"rendered":"<p>Dr. Larry Seeley Executive ChairmanDr. Seeley ist Chairman und CEO von Seeley Group Ltd. Er war CEO von Recapture Metals Limited und als Hauptaktion\u00e4r an der Entwicklung des Unternehmens mit zwei Werken in Ontario, einem in den USA und einem in Deutschland, wo Gallium, Indium und Rhenium produziert werden, beteiligt. Recapture wurde an Neo Materials [&hellip;]<\/p>\n","protected":false},"author":1,"featured_media":0,"parent":6343,"menu_order":1,"comment_status":"open","ping_status":"closed","template":"","meta":{"_et_pb_use_builder":"on","_et_pb_old_content":"","_et_gb_content_width":"","footnotes":""},"class_list":["post-6347","page","type-page","status-publish","hentry"],"_links":{"self":[{"href":"https:\/\/pasinex.com\/de\/wp-json\/wp\/v2\/pages\/6347","targetHints":{"allow":["GET"]}}],"collection":[{"href":"https:\/\/pasinex.com\/de\/wp-json\/wp\/v2\/pages"}],"about":[{"href":"https:\/\/pasinex.com\/de\/wp-json\/wp\/v2\/types\/page"}],"author":[{"embeddable":true,"href":"https:\/\/pasinex.com\/de\/wp-json\/wp\/v2\/users\/1"}],"replies":[{"embeddable":true,"href":"https:\/\/pasinex.com\/de\/wp-json\/wp\/v2\/comments?post=6347"}],"version-history":[{"count":0,"href":"https:\/\/pasinex.com\/de\/wp-json\/wp\/v2\/pages\/6347\/revisions"}],"up":[{"embeddable":true,"href":"https:\/\/pasinex.com\/de\/wp-json\/wp\/v2\/pages\/6343"}],"wp:attachment":[{"href":"https:\/\/pasinex.com\/de\/wp-json\/wp\/v2\/media?parent=6347"}],"curies":[{"name":"wp","href":"https:\/\/api.w.org\/{rel}","templated":true}]}}