{"id":6353,"date":"2022-11-26T01:05:32","date_gmt":"2022-11-26T06:05:32","guid":{"rendered":"https:\/\/pasinex.com\/?page_id=6353"},"modified":"2022-11-26T01:22:56","modified_gmt":"2022-11-26T06:22:56","slug":"unternehmenswerte","status":"publish","type":"page","link":"https:\/\/pasinex.com\/de\/about-us\/unternehmenswerte\/","title":{"rendered":"Unternehmenswerte"},"content":{"rendered":"<p>[et_pb_section fb_built=&#8220;1&#8243; admin_label=&#8220;Section&#8220; _builder_version=&#8220;4.16&#8243; _module_preset=&#8220;default&#8220; custom_padding=&#8220;0px||0px||true|false&#8220; global_colors_info=&#8220;{}&#8220;][et_pb_row _builder_version=&#8220;4.16&#8243; _module_preset=&#8220;default&#8220; custom_padding=&#8220;13px||13px||true|false&#8220; global_colors_info=&#8220;{}&#8220;][et_pb_column type=&#8220;4_4&#8243; _builder_version=&#8220;4.16&#8243; _module_preset=&#8220;default&#8220; global_colors_info=&#8220;{}&#8220;][et_pb_menu menu_id=&#8220;38&#8243; active_link_color=&#8220;#1D6CB6&#8243; module_id=&#8220;top-header-menu&#8220; _builder_version=&#8220;4.16&#8243; _module_preset=&#8220;default&#8220; menu_font=&#8220;|700|||||||&#8220; global_colors_info=&#8220;{}&#8220;][\/et_pb_menu][\/et_pb_column][\/et_pb_row][\/et_pb_section][et_pb_section fb_built=&#8220;1&#8243; fullwidth=&#8220;on&#8220; _builder_version=&#8220;4.16&#8243; global_colors_info=&#8220;{}&#8220;][et_pb_fullwidth_header title=&#8220;Unternehmenswerte&#8220; _builder_version=&#8220;4.19.1&#8243; title_font=&#8220;|700||on|||||&#8220; title_font_size=&#8220;50px&#8220; background_enable_color=&#8220;off&#8220; background_image=&#8220;https:\/\/pasinex.com\/wp-content\/uploads\/2018\/06\/zinc-production-company.jpg&#8220; custom_css_title=&#8220;margin-top:100px;&#8220; global_colors_info=&#8220;{}&#8220; button_one_text_size__hover_enabled=&#8220;off&#8220; button_two_text_size__hover_enabled=&#8220;off&#8220; button_one_text_color__hover_enabled=&#8220;off&#8220; button_two_text_color__hover_enabled=&#8220;off&#8220; button_one_border_width__hover_enabled=&#8220;off&#8220; button_two_border_width__hover_enabled=&#8220;off&#8220; button_one_border_color__hover_enabled=&#8220;off&#8220; button_two_border_color__hover_enabled=&#8220;off&#8220; button_one_border_radius__hover_enabled=&#8220;off&#8220; button_two_border_radius__hover_enabled=&#8220;off&#8220; button_one_letter_spacing__hover_enabled=&#8220;off&#8220; button_two_letter_spacing__hover_enabled=&#8220;off&#8220; button_one_bg_color__hover_enabled=&#8220;off&#8220; button_two_bg_color__hover_enabled=&#8220;off&#8220;][\/et_pb_fullwidth_header][\/et_pb_section][et_pb_section fb_built=&#8220;1&#8243; _builder_version=&#8220;4.16&#8243; _module_preset=&#8220;default&#8220; global_colors_info=&#8220;{}&#8220;][et_pb_row _builder_version=&#8220;4.16&#8243; _module_preset=&#8220;default&#8220; global_colors_info=&#8220;{}&#8220;][et_pb_column type=&#8220;4_4&#8243; _builder_version=&#8220;4.16&#8243; _module_preset=&#8220;default&#8220; global_colors_info=&#8220;{}&#8220;][et_pb_text module_class=&#8220;main-content&#8220; _builder_version=&#8220;4.19.1&#8243; custom_padding=&#8220;40px|||&#8220; global_colors_info=&#8220;{}&#8220;]<span style=\"font-family: Arial,serif;\">Pasinex Resources Limited begr\u00fc\u00dft und unterst\u00fctzt die Grunds\u00e4tze f\u00fcr eine verantwortungsvolle Exploration, wie sie von der PDAC mit ihrem e3 PLUS-Programm beworben werden. Diese Grunds\u00e4tze werden von den Directors und dem Management von Pasinex Resources Limited unterst\u00fctzt.<\/span><\/p>\n<p>&nbsp;<\/p>\n<h2><span style=\"font-family: Arial,serif;\"><strong>GRUNDS\u00c4TZE EINER VERANTWORTUNGSBEWUSSTEN EXPLORATION<\/strong><\/span><\/h2>\n<h5><span style=\"font-family: Arial,serif;\">1. VERANTWORTUNGSBEWUSSTE UNTERNEHMENSF\u00dcHRUNG<\/span><\/h5>\n<p><em><span style=\"font-family: Arial,serif;\">Zielsetzung: Die Exploration soll auf Grundlage solider Managementsysteme, fachlicher Kompetenz, der Anwendung bew\u00e4hrter Praktiken, einer konstruktiven Interaktion mit allen Beteiligten und nach dem Grundsatz der nachhaltigen Entwicklung erfolgen.<\/span><\/em><\/p>\n<h5><span style=\"font-family: Arial,serif;\">2. ANWENDUNG ETHISCHER GESCH\u00c4FTSPRAKTIKEN<\/span><\/h5>\n<p><span style=\"font-family: Arial,serif;\"><em>Zielsetzung: Die bestehenden Verwaltungsverfahren m\u00fcssen auf Ehrlichkeit, Integrit\u00e4t, Transparenz und Rechenschaftspflicht basieren.<\/em><\/span><\/p>\n<h5><span style=\"font-family: Arial,serif;\">3. RESPEKTVOLLER UMGANG MIT DEN MENSCHENRECHTEN<\/span><\/h5>\n<p><span style=\"font-family: Arial,serif;\"><em>Zielsetzung: Die Grunds\u00e4tze der Allgemeinen Erkl\u00e4rung der Menschenrechte der Vereinten Nationen sind durch deren Einbindung in die Richtlinien und betrieblichen Explorationsprozesse umzusetzen.<\/em><\/span><\/p>\n<h5><span style=\"font-family: Arial,serif;\">4. SORGFALTSPFLICHT UND RISIKOBEWERTUNG IM RAHMEN VON PROJEKTEN<\/span><\/h5>\n<p><span style=\"font-family: Arial,serif;\"><em>Zielsetzung: Im Vorfeld der Arbeit vor Ort sind die Risiken, Chancen und Herausforderungen der Exploration zu bewerten sowie Strategien und operative Pl\u00e4ne zu deren Bew\u00e4ltigung zu entwickeln.<\/em><\/span><\/p>\n<h5><span style=\"font-family: Arial,serif;\">5. EINBINDUNG DER AUFNAHMEGEMEINSCHAFTEN UND ANDERER BETROFFENER UND INTERESSIERTER PARTEIEN<\/span><\/h5>\n<p><span style=\"font-family: Arial,serif;\"><em> Zielsetzung: Die Interaktion mit Kommunen, indigenen V\u00f6lkern, Organisationen, Gruppen und Einzelpersonen hat auf der Grundlage von Respekt, Inklusion und sinnvoller Beteiligung zu erfolgen.<\/em><\/span><\/p>\n<h5><span style=\"font-family: Arial,serif;\">6. BEITRAG ZUR KOMMUNALEN ENTWICKLUNG UND ZUM SOZIALEN WOHLERGEHEN <\/span><\/h5>\n<p><span style=\"font-family: Arial,serif;\"><em>Zielsetzung: Es m\u00fcssen Ma\u00dfnahmen zur F\u00f6rderung des sozialen und wirtschaftlichen Fortschritts und Hilfe zur Selbsthilfe in den von der Exploration betroffenen Kommunen gesetzt werden, wobei die eigenen Entwicklungsvorstellungen der Kommunen zu ber\u00fccksichtigen sind.<\/em><\/span><\/p>\n<h5><span style=\"font-family: Arial,serif;\">7. SCHUTZ DER UMWELT <\/span><\/h5>\n<p><span style=\"font-family: Arial,serif;\"><em>Zielsetzung: Die Explorationsaktivit\u00e4ten sind in einer Weise durchzuf\u00fchren, die der Umwelt und den Menschen so wenig wie m\u00f6glich schadet.<\/em><\/span><\/p>\n<h5><span style=\"font-family: Arial,serif;\">8. SCHUTZ DER GESUNDHEIT UND SICHERHEIT DER ARBEITER UND DER BEV\u00d6LKERUNG VOR ORT<\/span><\/h5>\n<p><span style=\"font-family: Arial,serif;\"><em>Zielsetzung: Bei allen Explorationsaktivit\u00e4ten muss eine proaktive Umsetzung bew\u00e4hrter Gesundheits- und Sicherheitspraktiken und das Streben nach st\u00e4ndiger Verbesserung im Vordergrund stehen.<\/em><\/span><\/p>\n<p>&nbsp;[\/et_pb_text][\/et_pb_column][\/et_pb_row][\/et_pb_section]<\/p>\n","protected":false},"excerpt":{"rendered":"<p>Pasinex Resources Limited begr\u00fc\u00dft und unterst\u00fctzt die Grunds\u00e4tze f\u00fcr eine verantwortungsvolle Exploration, wie sie von der PDAC mit ihrem e3 PLUS-Programm beworben werden. Diese Grunds\u00e4tze werden von den Directors und dem Management von Pasinex Resources Limited unterst\u00fctzt. &nbsp; GRUNDS\u00c4TZE EINER VERANTWORTUNGSBEWUSSTEN EXPLORATION 1. VERANTWORTUNGSBEWUSSTE UNTERNEHMENSF\u00dcHRUNG Zielsetzung: Die Exploration soll auf Grundlage solider Managementsysteme, fachlicher Kompetenz, [&hellip;]<\/p>\n","protected":false},"author":1,"featured_media":0,"parent":6343,"menu_order":4,"comment_status":"open","ping_status":"closed","template":"","meta":{"_et_pb_use_builder":"on","_et_pb_old_content":"","_et_gb_content_width":"","footnotes":""},"class_list":["post-6353","page","type-page","status-publish","hentry"],"_links":{"self":[{"href":"https:\/\/pasinex.com\/de\/wp-json\/wp\/v2\/pages\/6353","targetHints":{"allow":["GET"]}}],"collection":[{"href":"https:\/\/pasinex.com\/de\/wp-json\/wp\/v2\/pages"}],"about":[{"href":"https:\/\/pasinex.com\/de\/wp-json\/wp\/v2\/types\/page"}],"author":[{"embeddable":true,"href":"https:\/\/pasinex.com\/de\/wp-json\/wp\/v2\/users\/1"}],"replies":[{"embeddable":true,"href":"https:\/\/pasinex.com\/de\/wp-json\/wp\/v2\/comments?post=6353"}],"version-history":[{"count":0,"href":"https:\/\/pasinex.com\/de\/wp-json\/wp\/v2\/pages\/6353\/revisions"}],"up":[{"embeddable":true,"href":"https:\/\/pasinex.com\/de\/wp-json\/wp\/v2\/pages\/6343"}],"wp:attachment":[{"href":"https:\/\/pasinex.com\/de\/wp-json\/wp\/v2\/media?parent=6353"}],"curies":[{"name":"wp","href":"https:\/\/api.w.org\/{rel}","templated":true}]}}