{"id":6355,"date":"2022-11-26T01:14:08","date_gmt":"2022-11-26T06:14:08","guid":{"rendered":"https:\/\/pasinex.com\/?page_id=6355"},"modified":"2022-12-13T09:58:35","modified_gmt":"2022-12-13T14:58:35","slug":"kontaktdaten","status":"publish","type":"page","link":"https:\/\/pasinex.com\/de\/kontaktdaten\/","title":{"rendered":"Kontaktdaten"},"content":{"rendered":"<p>[et_pb_section fb_built=&#8220;1&#8243; fullwidth=&#8220;on&#8220; _builder_version=&#8220;4.16&#8243; global_colors_info=&#8220;{}&#8220;][et_pb_fullwidth_header title=&#8220;Kontaktdaten&#8220; _builder_version=&#8220;4.19.1&#8243; title_font=&#8220;|700||on|||||&#8220; title_font_size=&#8220;50px&#8220; background_enable_color=&#8220;off&#8220; background_image=&#8220;https:\/\/pasinex.com\/wp-content\/uploads\/2018\/05\/passion-in-exploration.jpg&#8220; custom_css_title=&#8220;margin-top:100px;&#8220; global_colors_info=&#8220;{}&#8220; button_one_text_size__hover_enabled=&#8220;off&#8220; button_two_text_size__hover_enabled=&#8220;off&#8220; button_one_text_color__hover_enabled=&#8220;off&#8220; button_two_text_color__hover_enabled=&#8220;off&#8220; button_one_border_width__hover_enabled=&#8220;off&#8220; button_two_border_width__hover_enabled=&#8220;off&#8220; button_one_border_color__hover_enabled=&#8220;off&#8220; button_two_border_color__hover_enabled=&#8220;off&#8220; button_one_border_radius__hover_enabled=&#8220;off&#8220; button_two_border_radius__hover_enabled=&#8220;off&#8220; button_one_letter_spacing__hover_enabled=&#8220;off&#8220; button_two_letter_spacing__hover_enabled=&#8220;off&#8220; button_one_bg_color__hover_enabled=&#8220;off&#8220; button_two_bg_color__hover_enabled=&#8220;off&#8220;][\/et_pb_fullwidth_header][\/et_pb_section][et_pb_section fb_built=&#8220;1&#8243; admin_label=&#8220;Contact Section&#8220; _builder_version=&#8220;4.16&#8243; custom_padding=&#8220;110px||110px|&#8220; global_colors_info=&#8220;{}&#8220;][et_pb_row column_structure=&#8220;1_4,1_4,1_4,1_4&#8243; admin_label=&#8220;Contact Area&#8220; _builder_version=&#8220;4.16&#8243; animation_style=&#8220;zoom&#8220; animation_intensity_zoom=&#8220;20%&#8220; global_colors_info=&#8220;{}&#8220;][et_pb_column type=&#8220;1_4&#8243; _builder_version=&#8220;4.16&#8243; custom_padding=&#8220;|||&#8220; global_colors_info=&#8220;{}&#8220; custom_padding__hover=&#8220;|||&#8220;][et_pb_text _builder_version=&#8220;4.19.1&#8243; text_font=&#8220;Montserrat||||&#8220; text_text_color=&#8220;#747d88&#8243; text_line_height=&#8220;1.8em&#8220; link_font=&#8220;|100|||on|||#fcd21d|&#8220; link_text_color=&#8220;#353740&#8243; header_font=&#8220;Montserrat||||&#8220; header_4_font=&#8220;Montserrat|700|||||||&#8220; header_4_text_color=&#8220;#353740&#8243; header_4_font_size=&#8220;22px&#8220; header_4_line_height=&#8220;1.9em&#8220; animation_style=&#8220;zoom&#8220; animation_intensity_zoom=&#8220;20%&#8220; global_colors_info=&#8220;{}&#8220;]<\/p>\n<h4>B\u00dcRO KANADA<\/h4>\n<p>82 Richmond Street East<br \/>\nToronto, Ontario, M5C 1P1<br \/>\n+1 416 861 9659[\/et_pb_text][\/et_pb_column][et_pb_column type=&#8220;1_4&#8243; _builder_version=&#8220;4.16&#8243; custom_padding=&#8220;|||&#8220; global_colors_info=&#8220;{}&#8220; custom_padding__hover=&#8220;|||&#8220;][et_pb_text _builder_version=&#8220;4.19.1&#8243; text_font=&#8220;Montserrat||||&#8220; text_text_color=&#8220;#747d88&#8243; text_line_height=&#8220;1.8em&#8220; link_font=&#8220;|100|||on|||#fcd21d|&#8220; link_text_color=&#8220;#353740&#8243; header_font=&#8220;Montserrat||||&#8220; header_4_font=&#8220;Montserrat|700|||||||&#8220; header_4_text_color=&#8220;#353740&#8243; header_4_font_size=&#8220;22px&#8220; header_4_line_height=&#8220;1.9em&#8220; animation_style=&#8220;zoom&#8220; animation_delay=&#8220;100ms&#8220; animation_intensity_zoom=&#8220;20%&#8220; locked=&#8220;off&#8220; global_colors_info=&#8220;{}&#8220;]<\/p>\n<h4>B\u00dcRO ADANA<\/h4>\n<p>Zeytinli Mh.<br \/>\nTurhan Cemal Beriker Blv.<br \/>\nNr. 607 A<br \/>\nSeyhan Adana<br \/>\nT\u00fcrkei<br \/>\n+90 322 459 9020[\/et_pb_text][\/et_pb_column][et_pb_column type=&#8220;1_4&#8243; _builder_version=&#8220;4.16&#8243; custom_padding=&#8220;|||&#8220; global_colors_info=&#8220;{}&#8220; custom_padding__hover=&#8220;|||&#8220;][et_pb_text _builder_version=&#8220;4.19.1&#8243; text_font=&#8220;Montserrat||||&#8220; text_text_color=&#8220;#747d88&#8243; text_line_height=&#8220;1.8em&#8220; link_font=&#8220;|100|||on|||#fcd21d|&#8220; link_text_color=&#8220;#353740&#8243; header_font=&#8220;Montserrat||||&#8220; header_4_font=&#8220;Montserrat|700|||||||&#8220; header_4_text_color=&#8220;#353740&#8243; header_4_font_size=&#8220;22px&#8220; header_4_line_height=&#8220;1.4em&#8220; animation_style=&#8220;zoom&#8220; animation_delay=&#8220;200ms&#8220; animation_intensity_zoom=&#8220;20%&#8220; locked=&#8220;off&#8220; global_colors_info=&#8220;{}&#8220;]<\/p>\n<h4>B\u00dcRO NEVADA (USA)<\/h4>\n<p>Box 5924, Twin Falls,<br \/>\nID 83303,<br \/>\nVereinigte Staaten[\/et_pb_text][\/et_pb_column][et_pb_column type=&#8220;1_4&#8243; _builder_version=&#8220;4.16&#8243; custom_padding=&#8220;|||&#8220; global_colors_info=&#8220;{}&#8220; custom_padding__hover=&#8220;|||&#8220;][et_pb_text _builder_version=&#8220;4.19.2&#8243; text_font=&#8220;Montserrat||||&#8220; text_text_color=&#8220;#747d88&#8243; text_line_height=&#8220;1.2em&#8220; link_font=&#8220;||||on||||&#8220; header_font=&#8220;Montserrat||||&#8220; header_4_font=&#8220;Montserrat|700|||||||&#8220; header_4_text_color=&#8220;#353740&#8243; header_4_font_size=&#8220;22px&#8220; header_4_line_height=&#8220;1.4em&#8220; animation_style=&#8220;zoom&#8220; animation_delay=&#8220;200ms&#8220; animation_intensity_zoom=&#8220;20%&#8220; hover_enabled=&#8220;0&#8243; global_colors_info=&#8220;{}&#8220; sticky_enabled=&#8220;0&#8243;]<\/p>\n<h4>Allgemeine Informationen<\/h4>\n<p><a href=\"mailto:info@pasinex.com\">info@pasinex.com<\/a><br \/>\n[\/et_pb_text][\/et_pb_column][\/et_pb_row][\/et_pb_section][et_pb_section fb_built=&#8220;1&#8243; fullwidth=&#8220;on&#8220; admin_label=&#8220;Map Section&#8220; _builder_version=&#8220;4.16&#8243; global_colors_info=&#8220;{}&#8220;][et_pb_fullwidth_map address=&#8220;82 Richmond St E, Toronto, ON M5C 1P1, Canada&#8220; address_lat=&#8220;43.6528202&#8243; address_lng=&#8220;-79.374934&#8243; mouse_wheel=&#8220;off&#8220; use_grayscale_filter=&#8220;on&#8220; _builder_version=&#8220;4.16&#8243; child_filter_saturate=&#8220;30%&#8220; global_colors_info=&#8220;{}&#8220;][et_pb_map_pin title=&#8220;Pasinex &#8211; Toronto Office&#8220; pin_address=&#8220;82 Richmond St E, Toronto, ON M5C 1P1, Canada&#8220; pin_address_lat=&#8220;43.6528202&#8243; pin_address_lng=&#8220;-79.374934&#8243; _builder_version=&#8220;3.2&#8243; global_colors_info=&#8220;{}&#8220;]82 Richmond Street East,<br \/>\nToronto, Ontario, M5C 1P1<br \/>\n+1 416 861 9659<br \/>\n[\/et_pb_map_pin][\/et_pb_fullwidth_map][\/et_pb_section]<\/p>\n","protected":false},"excerpt":{"rendered":"<p>B\u00dcRO KANADA 82 Richmond Street East Toronto, Ontario, M5C 1P1 +1 416 861 9659B\u00dcRO ADANA Zeytinli Mh. Turhan Cemal Beriker Blv. Nr. 607 A Seyhan Adana T\u00fcrkei +90 322 459 9020B\u00dcRO NEVADA (USA) Box 5924, Twin Falls, ID 83303, Vereinigte StaatenAllgemeine Informationen info@pasinex.com 82 Richmond Street East, Toronto, Ontario, M5C 1P1 +1 416 861 9659<\/p>\n","protected":false},"author":1,"featured_media":0,"parent":0,"menu_order":0,"comment_status":"closed","ping_status":"closed","template":"","meta":{"_et_pb_use_builder":"on","_et_pb_old_content":"","_et_gb_content_width":"","footnotes":""},"class_list":["post-6355","page","type-page","status-publish","hentry"],"_links":{"self":[{"href":"https:\/\/pasinex.com\/de\/wp-json\/wp\/v2\/pages\/6355","targetHints":{"allow":["GET"]}}],"collection":[{"href":"https:\/\/pasinex.com\/de\/wp-json\/wp\/v2\/pages"}],"about":[{"href":"https:\/\/pasinex.com\/de\/wp-json\/wp\/v2\/types\/page"}],"author":[{"embeddable":true,"href":"https:\/\/pasinex.com\/de\/wp-json\/wp\/v2\/users\/1"}],"replies":[{"embeddable":true,"href":"https:\/\/pasinex.com\/de\/wp-json\/wp\/v2\/comments?post=6355"}],"version-history":[{"count":0,"href":"https:\/\/pasinex.com\/de\/wp-json\/wp\/v2\/pages\/6355\/revisions"}],"wp:attachment":[{"href":"https:\/\/pasinex.com\/de\/wp-json\/wp\/v2\/media?parent=6355"}],"curies":[{"name":"wp","href":"https:\/\/api.w.org\/{rel}","templated":true}]}}