{"id":6359,"date":"2022-11-26T01:43:38","date_gmt":"2022-11-26T06:43:38","guid":{"rendered":"https:\/\/pasinex.com\/?page_id=6359"},"modified":"2022-12-12T09:54:12","modified_gmt":"2022-12-12T14:54:12","slug":"projekt-gunman-usa","status":"publish","type":"page","link":"https:\/\/pasinex.com\/de\/projekt-gunman-usa\/","title":{"rendered":"Projekt Gunman, USA"},"content":{"rendered":"<p>[et_pb_section fb_built=&#8220;1&#8243; disabled_on=&#8220;on|on|off&#8220; admin_label=&#8220;Section&#8220; _builder_version=&#8220;4.16&#8243; _module_preset=&#8220;default&#8220; custom_padding=&#8220;0px||0px||true|false&#8220; saved_tabs=&#8220;all&#8220; global_colors_info=&#8220;{}&#8220;][et_pb_row _builder_version=&#8220;4.16&#8243; _module_preset=&#8220;default&#8220; custom_padding=&#8220;13px||13px||true|false&#8220; global_colors_info=&#8220;{}&#8220;][et_pb_column type=&#8220;4_4&#8243; _builder_version=&#8220;4.16&#8243; _module_preset=&#8220;default&#8220; global_colors_info=&#8220;{}&#8220;][et_pb_menu menu_id=&#8220;39&#8243; active_link_color=&#8220;#1D6CB6&#8243; module_id=&#8220;top-header-menu&#8220; _builder_version=&#8220;4.16&#8243; _module_preset=&#8220;default&#8220; menu_font=&#8220;|700|||||||&#8220; global_colors_info=&#8220;{}&#8220;][\/et_pb_menu][\/et_pb_column][\/et_pb_row][\/et_pb_section][et_pb_section fb_built=&#8220;1&#8243; fullwidth=&#8220;on&#8220; _builder_version=&#8220;4.16&#8243; global_colors_info=&#8220;{}&#8220;][et_pb_fullwidth_header title=&#8220;Projekt Gunman, USA&#8220; _builder_version=&#8220;4.19.1&#8243; title_font=&#8220;|700||on|||||&#8220; title_font_size=&#8220;50px&#8220; background_enable_color=&#8220;off&#8220; background_image=&#8220;https:\/\/pasinex.com\/wp-content\/uploads\/2018\/06\/nevada-zinc-project.jpg&#8220; custom_css_title=&#8220;margin-top:100px;&#8220; global_colors_info=&#8220;{}&#8220; button_one_text_size__hover_enabled=&#8220;off&#8220; button_one_text_size__hover=&#8220;null&#8220; button_two_text_size__hover_enabled=&#8220;off&#8220; button_two_text_size__hover=&#8220;null&#8220; button_one_text_color__hover_enabled=&#8220;off&#8220; button_one_text_color__hover=&#8220;null&#8220; button_two_text_color__hover_enabled=&#8220;off&#8220; button_two_text_color__hover=&#8220;null&#8220; button_one_border_width__hover_enabled=&#8220;off&#8220; button_one_border_width__hover=&#8220;null&#8220; button_two_border_width__hover_enabled=&#8220;off&#8220; button_two_border_width__hover=&#8220;null&#8220; button_one_border_color__hover_enabled=&#8220;off&#8220; button_one_border_color__hover=&#8220;null&#8220; button_two_border_color__hover_enabled=&#8220;off&#8220; button_two_border_color__hover=&#8220;null&#8220; button_one_border_radius__hover_enabled=&#8220;off&#8220; button_one_border_radius__hover=&#8220;null&#8220; button_two_border_radius__hover_enabled=&#8220;off&#8220; button_two_border_radius__hover=&#8220;null&#8220; button_one_letter_spacing__hover_enabled=&#8220;off&#8220; button_one_letter_spacing__hover=&#8220;null&#8220; button_two_letter_spacing__hover_enabled=&#8220;off&#8220; button_two_letter_spacing__hover=&#8220;null&#8220; button_one_bg_color__hover_enabled=&#8220;off&#8220; button_one_bg_color__hover=&#8220;null&#8220; button_two_bg_color__hover_enabled=&#8220;off&#8220; button_two_bg_color__hover=&#8220;null&#8220;][\/et_pb_fullwidth_header][\/et_pb_section][et_pb_section fb_built=&#8220;1&#8243; _builder_version=&#8220;4.16&#8243; _module_preset=&#8220;default&#8220; global_colors_info=&#8220;{}&#8220;][et_pb_row _builder_version=&#8220;4.16&#8243; _module_preset=&#8220;default&#8220; global_colors_info=&#8220;{}&#8220;][et_pb_column type=&#8220;4_4&#8243; _builder_version=&#8220;4.16&#8243; _module_preset=&#8220;default&#8220; global_colors_info=&#8220;{}&#8220;][et_pb_text _builder_version=&#8220;4.19.2&#8243; _module_preset=&#8220;default&#8220; hover_enabled=&#8220;0&#8243; global_colors_info=&#8220;{}&#8220; sticky_enabled=&#8220;0&#8243;]<\/p>\n<h2>ZUSAMMENFASSUNG<\/h2>\n<p>Das Projekt Gunman (Gunman) befindet sich im Zentrum einer hochgradigen Zinkkonzentration unweit der Goldmine Bald Mountain und rund 90 Autominuten s\u00fcdlich von Elko im White Pine County im Osten des US-Bundesstaates Nevada. Die Mineralisierung im \u00f6stlichen Vorfeld der Diamond Range ist stark verwittert und bildet hochgradige Zinkoxide aus. Pasinex Resources Limited (\u201ePasinex\u201c) stie\u00df im Jahr 2018 im Zuge von Bohrungen auf eine bedeutende Neuentdeckung von Zinksulfiden unterhalb der Zinkoxidschicht. Damit ist das Explorationspotenzial bei Gunman v\u00f6llig neu zu \u00fcberdenken. Die bekannten Mineralisierungsvorkommen verlaufen in Nord-S\u00fcd-Richtung, und Pasinex hat nun ein Gebiet abgesteckt, das sich jeweils f\u00fcnf Kilometer n\u00f6rdlich und s\u00fcdlich der urspr\u00fcnglichen Konzession erstreckt und Chancen auf eine gr\u00f6\u00dfere Entdeckung birgt.<\/p>\n<p>[\/et_pb_text][et_pb_text _builder_version=&#8220;4.19.2&#8243; _module_preset=&#8220;default&#8220; hover_enabled=&#8220;0&#8243; global_colors_info=&#8220;{}&#8220; sticky_enabled=&#8220;0&#8243;]<\/p>\n<h2>AKTUELLE NEWS<\/h2>\n<p>Das Unternehmen absolvierte im Projekt Gunman in Nevada in den neun Monaten zum 30. September 2022 eine helikoptergest\u00fctzte Magnetikmessung \u00fcber 218 Kilometer Flugstrecke, eine mobile Metallionenanalyse an 453 Proben sowie eine bodengest\u00fctzte Gravitationsmessung mit 2.078 Stationen. Gleich nach Quartalsende wurde im November ein Bohrprogramm eingeleitet.<\/p>\n<p>[\/et_pb_text][et_pb_text _builder_version=&#8220;4.19.2&#8243; _module_preset=&#8220;default&#8220; hover_enabled=&#8220;0&#8243; global_colors_info=&#8220;{}&#8220; sticky_enabled=&#8220;0&#8243;]<\/p>\n<h2>EXPLORATIONSHISTORIE &#8211; BISHERIGE ENTWICKLUNGEN<\/h2>\n<p>Im Jahr 1990 suchte die Firma Western Mining (WMC) nach Gold, wobei man sich an den Aufschl\u00fcssen von Jasperoiden im Becken westlich von Bald Mountain orientierte, die sich \u00fcber eine Verwerfung der Gebirgsfront nach Westen auf das \u00f6stliche Vorfeld der Diamond Range ausbreiten. WMC \u201estolperte\u201c quasi \u00fcber eine Entdeckung, die dann zur hochgradigen Zinkoxidentdeckung der Zone RH Main wurde. Zink war f\u00fcr die Goldexplorer von geringem Interesse. Cypress Development Corp. (\u201eCypress\u201c) f\u00fchrte bei Gunman zwischen den Jahren 2000 und 2014 mit Unterbrechungen Explorationsaktivit\u00e4ten durch. Mit insgesamt 114 RC-Bohrungen und 17 Diamantbohrungen wurde der Teilabschnitt eines Trends abgegrenzt, zu dem auch die Prospektionsgebiete RH Main, RH North und RH South geh\u00f6ren. Pasinex erwarb von Cypress im Jahr 2017 eine Option auf diese hochgradige Zinkoxidkonzession, da sie \u00c4hnlichkeiten mit der hochgradigen Zinkkarbonatverdr\u00e4ngungslagerst\u00e4tte Pinargozu (CRD) in T\u00fcrkiye aufweist.<\/p>\n<p>[\/et_pb_text][et_pb_image src=&#8220;https:\/\/pasinex.com\/wp-content\/uploads\/2022\/01\/Gunman-Zinc-Property-630&#215;1024.png&#8220; title_text=&#8220;Gunman Zinc Property&#8220; align=&#8220;center&#8220; _builder_version=&#8220;4.16&#8243; _module_preset=&#8220;default&#8220; max_width=&#8220;420px&#8220; global_colors_info=&#8220;{}&#8220;][\/et_pb_image][et_pb_text _builder_version=&#8220;4.19.2&#8243; _module_preset=&#8220;default&#8220; hover_enabled=&#8220;0&#8243; global_colors_info=&#8220;{}&#8220; sticky_enabled=&#8220;0&#8243;]<\/p>\n<p>Bei Gunman und insbesondere in der Zone RH Main wurden im Rahmen von RC-Bohrungen \u00fcber insgesamt 12.250 Meter Zinkgehalte zwischen 5 % und 33 % bzw. Silbergehalte zwischen 15 g\/t und 465 g\/t sowie geringe Anteile an Blei \u00fcber betr\u00e4chtliche M\u00e4chtigkeiten durchteuft. Die Lagerst\u00e4tte weist in ihrem Zentrum Zonen mit einer massiven, stark oxidierten Mineralisierung sowie M\u00e4ntel mit Teilverdr\u00e4ngungen und Erzgangbildungen auf. Die Mineralisierung ist in einer Tiefe von 125 Meter unter der Oberfl\u00e4che lokalisiert.<\/p>\n<p>Fr\u00fchere Explorer er\u00f6ffneten den Kern der Zone RH Main anhand von Umkehrsp\u00fclbohrungen. Solche Bohrungen helfen zwar, eine Mineralisierung aufzufinden, liefern aber kaum n\u00fctzliche strukturelle Daten, die Aufschluss \u00fcber die Ausrichtung der Feeder-Strukturen geben.<\/p>\n<p>[\/et_pb_text][et_pb_text _builder_version=&#8220;4.19.2&#8243; _module_preset=&#8220;default&#8220; hover_enabled=&#8220;0&#8243; global_colors_info=&#8220;{}&#8220; sticky_enabled=&#8220;0&#8243;]<\/p>\n<h2>WICHTIGE ECKDATEN AUS FR\u00dcHEREN BOHRUNGEN DURCH CYPRESS VOR BETEILIGUNG VON PASINEX:<\/h2>\n<p>[\/et_pb_text][et_pb_image src=&#8220;https:\/\/pasinex.com\/wp-content\/uploads\/2022\/01\/Key-Intercepts-From-Gunman-Property-Drilling-645&#215;1024.png&#8220; title_text=&#8220;Key Intercepts From Gunman Property Drilling&#8220; align=&#8220;center&#8220; _builder_version=&#8220;4.16&#8243; _module_preset=&#8220;default&#8220; max_width=&#8220;420px&#8220; global_colors_info=&#8220;{}&#8220;][\/et_pb_image][et_pb_text _builder_version=&#8220;4.19.2&#8243; _module_preset=&#8220;default&#8220; hover_enabled=&#8220;0&#8243; global_colors_info=&#8220;{}&#8220; sticky_enabled=&#8220;0&#8243;]<\/p>\n<p>Abbildung 1<\/p>\n<p>**Abgesehen von BC-24 in der Zone RH South sind alle Abschnitte aus der Zone RH Main.<br \/>Anmerkung: Die wahre M\u00e4chtigkeit der Bohrlochabschnitte in Abbildung 1 kann anhand der verf\u00fcgbaren Daten nicht ermittelt werden.<\/p>\n<p><a href=\"\/assets\/Gunman-NI-43-101.pdf\" target=\"_blank\" rel=\"noopener\">Download The Gunman 43-101 Here<\/a><\/p>\n<p>[\/et_pb_text][et_pb_text _builder_version=&#8220;4.19.2&#8243; _module_preset=&#8220;default&#8220; hover_enabled=&#8220;0&#8243; global_colors_info=&#8220;{}&#8220; sticky_enabled=&#8220;0&#8243;]<\/p>\n<h2>DIAMANTBOHRUNGEN VON PASINEX<\/h2>\n<p>Im Jahr 2018 bohrte Pasinex vier geneigte und ausgerichtete Diamantbohrl\u00f6cher, um bessere Einblicke in die Geologie und in die Ausgangsstrukturen der Mineralisierung zu gewinnen. W\u00e4hrend einer detaillierten Bohrkampagne im kleinen Ma\u00dfstab konnte Pasinex bei RH Main im Diamantbohrloch SRDD-2018-001 einen 144 Fu\u00df (43,9 Meter) breiten Abschnitt mit durchschnittlich 14,2 % Zinkoxid ab 142 Fu\u00df (43,3 Meter) Tiefe durchschneiden; darin enthalten ist auch ein 45 Fu\u00df (13,7 Meter) breiter Abschnitt mit durchschnittlich 26,1 % Zink und 242 g\/t Silber (5,6 Unzen) ab 160 Fu\u00df (48,8 Meter) Tiefe. Pasinex pr\u00fcft derzeit m\u00f6gliche \u00c4hnlichkeiten zur nicht weit entfernten CRD-Lagerst\u00e4tte Eureka (2 Mio. t mit 1,65 Mio. Unzen Au, 39 Mio. Unzen Ag und 625 Mio. Pfund Pb)1. Die Eureka-Erze waren durch und durch oxidiert, sodass der gr\u00f6\u00dfte Teil des Zinks herausgesp\u00fclt wurde.<\/p>\n<p>Die Originalversion der Pressemeldung finden Sie hier: <a href=\"\/news\/2018\/pasinex-resources-intersects-black-shale-hosted-zinc-sulphides-beneath-high-grade-zinc-oxides-at-its-high-grade-zinc-project-in-nevada-drilling-to-start-at-the-akkaya-zinc-property-in-turkey-announc\/\">Pasinex Resources Intersects Black-Shale Hosted Zinc Sulphides Beneath High-Grade Zinc Oxides at its High-Grade Zinc Project in Nevada<\/a><\/p>\n<p>[\/et_pb_text][et_pb_image src=&#8220;https:\/\/pasinex.com\/wp-content\/uploads\/2022\/01\/Gunman-Drill-Results.png&#8220; title_text=&#8220;Gunman Drill Results&#8220; _builder_version=&#8220;4.16&#8243; _module_preset=&#8220;default&#8220; global_colors_info=&#8220;{}&#8220;][\/et_pb_image][et_pb_text _builder_version=&#8220;4.19.2&#8243; _module_preset=&#8220;default&#8220; hover_enabled=&#8220;0&#8243; global_colors_info=&#8220;{}&#8220; sticky_enabled=&#8220;0&#8243;]<\/p>\n<h2>ENTDECKUNG VON SCHWARZSCHIEFER<\/h2>\n<p>Das letzte Bohrloch der Bohrkampagne von Pasinex, SRDD-2018-004, brachte eine \u00fcberraschende Entdeckung \u2013 die Durchschneidung der Zinksulfidmineralisierung im Schwarzschiefergestein 50 Meter s\u00fcdlich und im Einfallen unterhalb von Bohrloch SRDD-2018-001. Es kommt \u00e4u\u00dferst selten vor, dass dieser Gesteinstyp in einem CRD-Umfeld Mineralisierungen aufweist. Die Durchschneidung lieferte einen neun Fu\u00df (2,74 Meter) breiten Abschnitt mit einem durchschnittlichen Zinkgehalt von 8,1 % ab 289 Fu\u00df (88,1 Meter) Tiefe und einen 11 Fu\u00df (3,35 Meter) breiten Abschnitt mit durchschnittlich 5,7 % Zink ab 304 Fu\u00df (92,6 Meter) Tiefe.<\/p>\n<p>Die Originalversion der Pressemeldung finden Sie hier: <a href=\"\/news\/2018\/pasinex-makes-new-zinc-sulphide-discovery-at-the-spur-project-in-nevada-and-verifies-high-grade-zinc-oxides-43-9-metres-14-2-zinc-including-13-7-metres-26-1-zinc-and-5-6-ounces-of-silver\/\">Pasinex verifies high grade zinc oxides: 43.9 metres @ 14.2% zinc including 13.7 metres @ 26.1% zinc and 5.6 ounces of silver<\/a>.<\/p>\n<p>[\/et_pb_text][et_pb_image src=&#8220;https:\/\/pasinex.com\/wp-content\/uploads\/2022\/01\/Black-Shale-Discovery.png&#8220; title_text=&#8220;Black Shale Discovery&#8220; _builder_version=&#8220;4.16&#8243; _module_preset=&#8220;default&#8220; global_colors_info=&#8220;{}&#8220;][\/et_pb_image][et_pb_image src=&#8220;https:\/\/pasinex.com\/wp-content\/uploads\/2018\/09\/High-grade-zinc-oxide-mineralization.png&#8220; title_text=&#8220;High-grade zinc oxide mineralization&#8220; _builder_version=&#8220;4.16&#8243; _module_preset=&#8220;default&#8220; global_colors_info=&#8220;{}&#8220;][\/et_pb_image][et_pb_text _builder_version=&#8220;4.19.2&#8243; _module_preset=&#8220;default&#8220; hover_enabled=&#8220;0&#8243; global_colors_info=&#8220;{}&#8220; sticky_enabled=&#8220;0&#8243;]<\/p>\n<h2>ZWEI M\u00d6GLICHE EXPLORATIONSMODELLE<\/h2>\n<p>Dieses Explorationsprojekt hat damit nicht nur ein, sondern zwei unterschiedliche und sehr attraktive Explorationsziele. Die obere hochgradige Zinkoxidmineralisierung im Kalkstein k\u00f6nnte der verwitterte obere Teil einer viel tiefer liegenden Karbonatverdr\u00e4ngungslagerst\u00e4tte (CRD) sein, w\u00e4hrend die Zinksulfidmineralisierung im Schiefer m\u00f6glicherweise den \u00e4u\u00dferen Rand eines ganz anderen Lagerst\u00e4ttentyps darstellt, n\u00e4mlich einer schiefergebundenen Massivsulfidlagerst\u00e4tte (SHMS). Alternativ k\u00f6nnten diese beiden Lagerst\u00e4ttentypen zueinander in Bezug stehen und einander nicht ausschlie\u00dfen.<\/p>\n<p>[\/et_pb_text][et_pb_text _builder_version=&#8220;4.19.2&#8243; _module_preset=&#8220;default&#8220; hover_enabled=&#8220;0&#8243; global_colors_info=&#8220;{}&#8220; sticky_enabled=&#8220;0&#8243;]<\/p>\n<h2>GEOLOGIE<\/h2>\n<p>An der Ostflanke der Diamond Range bildet die steil einfallende Kalksteinformation Ely aus dem Pennsylvanium das Wirtsgestein f\u00fcr die hochgradige Zinkoxidmineralisierung. Die Kalksteinformation Ely liegt diskordant unterhalb der leicht einfallenden Formation Carbon Ridge aus dem Perm. Die Kalksteinformation Ely wurde w\u00e4hrend der Antler-Orogenese gefaltet, bevor sie von der Carbon Ridge \u00fcberlagert wurde. Im letzten Bohrloch des aktuellen Bohrprogramms wurde ein cremefarbener eisenarmer Sphalerit (Zinksulfid) an der Basis der Kalksteinformation Ely durchteuft. Der Schwarzschiefer k\u00f6nnte Teil der Formation Ely sein. Eine weitere M\u00f6glichkeit w\u00e4re, dass es sich um eine abgeschw\u00e4chte Form der Schieferformation Chainman aus dem \u00e4lteren Mississippium handelt. Die Kontaktzone zwischen der Kalksteinformation Ely und der Schieferformation Chainman ist in diesem Teil von Nevada anpassungsf\u00e4hig. Die Formation Chainman enth\u00e4lt in Nevada umfangreiche Mineralisierungen und stellt das wichtigste Grundgestein der Goldlagerst\u00e4tten im Carlin Trend dar. Der verstorbene Professor Sam Carey, ein ber\u00fchmter Ikonoklast und revolution\u00e4rer Geologe, sagte einmal: \u201eWir m\u00fcssen nach M\u00f6glichkeit Zweifler sein, das Modell in Frage stellen, d\u00fcrfen uns niemals zur\u00fccklehnen und das glauben, was wir lesen oder was man uns glauben machen will, und m\u00fcssen alles rigoros in Frage stellen. Wenn man ein Modell akzeptiert, dann hat man es auch selbst \u00fcberpr\u00fcft und sich zu eigen gemacht.\u201c So kommt es zu gro\u00dfen Entdeckungen.<\/p>\n<p>[\/et_pb_text][et_pb_text _builder_version=&#8220;4.19.2&#8243; _module_preset=&#8220;default&#8220; hover_enabled=&#8220;0&#8243; global_colors_info=&#8220;{}&#8220; sticky_enabled=&#8220;0&#8243;]<\/p>\n<h2>DIE CHANCE<\/h2>\n<p>Das Explorationspotenzial f\u00fcr m\u00f6glicherweise zwei voneinander unabh\u00e4ngige Lagerst\u00e4ttentypen ist nun in greifbare N\u00e4he ger\u00fcckt. Andererseits k\u00f6nnte die Zinkoxidmineralisierung im Kalkstein auch mit der tieferliegenden Zinksulfidmineralisierung im Schwarzschiefer in Verbindung stehen.<\/p>\n<p>Das CRD-Ziel: Die von Arizona Mining f\u00fcr 1,3 Mrd. USD an South32 verkaufte Lagerst\u00e4tte Taylor (verbleibender Anteil von 83 %) ist beispielhaft f\u00fcr eine bedeutende CRD-Lagerst\u00e4tte im benachbarten Arizona. Ein weiteres Beispiel f\u00fcr die sich bietenden Chancen ist die historische Mine Leadville in Colorado, wo eine gro\u00dfe CRD-Lagerst\u00e4tte abgebaut wurde. Beispiele f\u00fcr gr\u00f6\u00dfere SHMS-Lagerst\u00e4tten weiter oben im Norden Kanadas sind Red Dog in Alaska und Sullivan in British Columbia, und noch weiter in der Gegenwart das Projekt Macmillan Pass von Fireweed Zinc im Yukon.<\/p>\n<p>Pasinex hat den weltber\u00fchmten CRD-Explorationsgeologen Peter Megaw gebeten, das Projekt Gunman zu besichtigen und das Bohrkernmaterial zu inspizieren. Peter meinte dazu: \u201eIch m\u00f6chte gleich zu Beginn darauf hinweisen, dass die vorhandene Mineralisierung vom CRD-Typ nach den bisherigen Erkenntnissen eindeutig eine wirtschaftlich interessante Dimension aufweist, und dass ein relativ direkter Abbau m\u00f6glich sein d\u00fcrfte. Die SHMS-Mineralisierung, von der berichtet wurde, k\u00f6nnte beachtliche Ausma\u00dfe haben, aber es braucht \u00fcberzeugende Beweise daf\u00fcr, dass hier tats\u00e4chlich eine andere Genese vorliegt als bei der ziemlich typischen CRD-Mineralisierung. Gunman weist die chemischen Merkmale einer CRD-Mineralisierung auf. Tats\u00e4chlich sieht es so aus, als ob es sich hier um eine Reihe von \u00fcbereinander geschichteten \u201eVerdr\u00e4ngungsb\u00e4nken\u201c und dazwischen liegenden \u201eOxidverwischungen\u201c handeln k\u00f6nnte, \u00e4hnlich wie im nicht weit entfernten Bergbaubgebiet Eureka (2 Mio. Tonnen mit 1,65 Mio. Unzen Au, 39 Mio. Unzen Ag und 625 Mio. Pfund Pb). Die Eureka-Erze waren stark oxidiert, sodass der gr\u00f6\u00dfte Teil des Zinks herausgesp\u00fclt wurde.\u201c<\/p>\n<p>Bill Tafuri, ein sehr erfahrener Geologe aus Nevada, der in Park City in Utah beheimatet ist, hat die Mineralisierungszonen bei Gunman im Detail kartiert und kommentiert: \u201eDas Zink-Silber-Prospektionsgebiet Gunman stellt eine bedeutende Entdeckung dar und k\u00f6nnte meiner Meinung nach aufgrund des Ausma\u00dfes der derzeit bekannten Mineralisierung, die in mehrere Richtungen offen ist, sowie aufgrund des hervorragenden Potenzials f\u00fcr zus\u00e4tzliche Entdeckungen in der erweiterten Claim-Zone noch vergr\u00f6\u00dfert werden.\u201c<\/p>\n<p>Dr. Neal Reynolds von CSA Global ist ein international anerkannter Experte f\u00fcr Zinkmineralisierungssysteme, einschlie\u00dflich SHMS-Lagerst\u00e4tten sowie Lagerst\u00e4tten des irischen Typs bzw. MVT-Typs mit niedrigeren Temperaturen. Pasinex bat Dr. Reynolds um seine Einsch\u00e4tzung zu Gunman. Er besichtigte den Standort und wertete das Bohrkernmaterial aus den j\u00fcngsten Bohrungen aus. Dr Reynolds dazu: \u201eWichtig ist vor allem, dass es sich um ein bedeutendes System handelt, und dass wir die vorhandenen historischen Daten nutzen sollten, um bessere Einblicke zu gewinnen und eine effektive Erkundungsmethode zu entwickeln, die sowohl das CRD-Modell als auch das SHMS-Modell ber\u00fccksichtigt.\u201c<\/p>\n<p>[\/et_pb_text][et_pb_text module_class=&#8220;main-content&#8220; _builder_version=&#8220;4.19.2&#8243; max_width_tablet=&#8220;&#8220; max_width_phone=&#8220;100%&#8220; max_width_last_edited=&#8220;on|phone&#8220; hover_enabled=&#8220;0&#8243; global_colors_info=&#8220;{}&#8220; sticky_enabled=&#8220;0&#8243;]<\/p>\n<h2>OPTIONSVEREINBARUNG<\/h2>\n<p>Pasinex hat mit Cypress Development Corp. (\u201eCypress\u201c) und Caliber Minerals Inc. eine Vereinbarung getroffen, um die Bedingungen der Earn-in-Optionsvereinbarung f\u00fcr die Zinkexplorationskonzession Gunman (vormals Spur) im US-Bundesstaat Nevada abzu\u00e4ndern.<\/p>\n<p>Mit der Vereinbarung wird die Frist f\u00fcr die Fertigstellung von qualifizierten Explorationsarbeiten mit Kosten in H\u00f6he von 200.000,00 bis sp\u00e4testens 30. Juni 2022 verl\u00e4ngert.<\/p>\n<p><span>Weitere Klarstellungen im Hinblick auf den urspr\u00fcnglichen Deal finden Sie hier: <\/span><a href=\"\/news\/2017\/pasinex-announces-option-to-acquire-80-of-the-gunman-high-grade-zinc-silver-project-in-nevada-and-substantially-increases-the-surrounding-ground-holding\/\">Pasinex Announces Option to Acquire 80% of the Gunman High-Grade Zinc (Silver) Project in Nevada and Substantially Increases the Surrounding Ground Holding<\/a><\/p>\n<p>[\/et_pb_text][et_pb_text _builder_version=&#8220;4.16&#8243; _module_preset=&#8220;default&#8220; global_colors_info=&#8220;{}&#8220;]<sup>1<\/sup>Graton Sales volume 1968 &#8211; historic production of oxides. A larger tonnage of sulfide ore remains unmined and there is a possible genetic link to surrounding multi million ounce gold deposits<br \/>\n[\/et_pb_text][\/et_pb_column][\/et_pb_row][\/et_pb_section]<\/p>\n","protected":false},"excerpt":{"rendered":"<p>ZUSAMMENFASSUNG Das Projekt Gunman (Gunman) befindet sich im Zentrum einer hochgradigen Zinkkonzentration unweit der Goldmine Bald Mountain und rund 90 Autominuten s\u00fcdlich von Elko im White Pine County im Osten des US-Bundesstaates Nevada. Die Mineralisierung im \u00f6stlichen Vorfeld der Diamond Range ist stark verwittert und bildet hochgradige Zinkoxide aus. Pasinex Resources Limited (\u201ePasinex\u201c) stie\u00df im [&hellip;]<\/p>\n","protected":false},"author":1,"featured_media":0,"parent":0,"menu_order":0,"comment_status":"closed","ping_status":"closed","template":"","meta":{"_et_pb_use_builder":"on","_et_pb_old_content":"","_et_gb_content_width":"","footnotes":""},"class_list":["post-6359","page","type-page","status-publish","hentry"],"_links":{"self":[{"href":"https:\/\/pasinex.com\/de\/wp-json\/wp\/v2\/pages\/6359","targetHints":{"allow":["GET"]}}],"collection":[{"href":"https:\/\/pasinex.com\/de\/wp-json\/wp\/v2\/pages"}],"about":[{"href":"https:\/\/pasinex.com\/de\/wp-json\/wp\/v2\/types\/page"}],"author":[{"embeddable":true,"href":"https:\/\/pasinex.com\/de\/wp-json\/wp\/v2\/users\/1"}],"replies":[{"embeddable":true,"href":"https:\/\/pasinex.com\/de\/wp-json\/wp\/v2\/comments?post=6359"}],"version-history":[{"count":0,"href":"https:\/\/pasinex.com\/de\/wp-json\/wp\/v2\/pages\/6359\/revisions"}],"wp:attachment":[{"href":"https:\/\/pasinex.com\/de\/wp-json\/wp\/v2\/media?parent=6359"}],"curies":[{"name":"wp","href":"https:\/\/api.w.org\/{rel}","templated":true}]}}