{"id":6364,"date":"2022-11-26T02:22:07","date_gmt":"2022-11-26T07:22:07","guid":{"rendered":"https:\/\/pasinex.com\/?page_id=6364"},"modified":"2025-12-14T01:51:26","modified_gmt":"2025-12-14T06:51:26","slug":"investors-hub","status":"publish","type":"page","link":"https:\/\/pasinex.com\/de\/investors-hub\/","title":{"rendered":"Investors Hub"},"content":{"rendered":"<p>[et_pb_section fb_built=&#8220;1&#8243; disabled_on=&#8220;on|on|off&#8220; admin_label=&#8220;Section&#8220; _builder_version=&#8220;4.16&#8243; _module_preset=&#8220;default&#8220; custom_padding=&#8220;0px||0px||true|false&#8220; saved_tabs=&#8220;all&#8220; locked=&#8220;off&#8220; global_colors_info=&#8220;{}&#8220;][et_pb_row _builder_version=&#8220;4.16&#8243; _module_preset=&#8220;default&#8220; custom_padding=&#8220;13px||13px||true|false&#8220; global_colors_info=&#8220;{}&#8220;][et_pb_column type=&#8220;4_4&#8243; _builder_version=&#8220;4.16&#8243; _module_preset=&#8220;default&#8220; global_colors_info=&#8220;{}&#8220;][et_pb_menu menu_id=&#8220;40&#8243; active_link_color=&#8220;#1D6CB6&#8243; module_id=&#8220;top-header-menu&#8220; _builder_version=&#8220;4.16&#8243; _module_preset=&#8220;default&#8220; menu_font=&#8220;|700|||||||&#8220; global_colors_info=&#8220;{}&#8220;][\/et_pb_menu][\/et_pb_column][\/et_pb_row][\/et_pb_section][et_pb_section fb_built=&#8220;1&#8243; fullwidth=&#8220;on&#8220; _builder_version=&#8220;4.16&#8243; global_colors_info=&#8220;{}&#8220;][et_pb_fullwidth_header title=&#8220;SERVICE F\u00dcR ANLEGER&#8220; _builder_version=&#8220;4.19.2&#8243; title_font=&#8220;|700|||||||&#8220; title_font_size=&#8220;50px&#8220; background_enable_color=&#8220;off&#8220; background_image=&#8220;https:\/\/pasinex.com\/wp-content\/uploads\/2018\/08\/invester-hub-banner.png&#8220; custom_css_title=&#8220;margin-top:100px;&#8220; global_colors_info=&#8220;{}&#8220; button_one_text_size__hover_enabled=&#8220;off&#8220; button_one_text_size__hover=&#8220;null&#8220; button_two_text_size__hover_enabled=&#8220;off&#8220; button_two_text_size__hover=&#8220;null&#8220; button_one_text_color__hover_enabled=&#8220;off&#8220; button_one_text_color__hover=&#8220;null&#8220; button_two_text_color__hover_enabled=&#8220;off&#8220; button_two_text_color__hover=&#8220;null&#8220; button_one_border_width__hover_enabled=&#8220;off&#8220; button_one_border_width__hover=&#8220;null&#8220; button_two_border_width__hover_enabled=&#8220;off&#8220; button_two_border_width__hover=&#8220;null&#8220; button_one_border_color__hover_enabled=&#8220;off&#8220; button_one_border_color__hover=&#8220;null&#8220; button_two_border_color__hover_enabled=&#8220;off&#8220; button_two_border_color__hover=&#8220;null&#8220; button_one_border_radius__hover_enabled=&#8220;off&#8220; button_one_border_radius__hover=&#8220;null&#8220; button_two_border_radius__hover_enabled=&#8220;off&#8220; button_two_border_radius__hover=&#8220;null&#8220; button_one_letter_spacing__hover_enabled=&#8220;off&#8220; button_one_letter_spacing__hover=&#8220;null&#8220; button_two_letter_spacing__hover_enabled=&#8220;off&#8220; button_two_letter_spacing__hover=&#8220;null&#8220; button_one_bg_color__hover_enabled=&#8220;off&#8220; button_one_bg_color__hover=&#8220;null&#8220; button_two_bg_color__hover_enabled=&#8220;off&#8220; button_two_bg_color__hover=&#8220;null&#8220;][\/et_pb_fullwidth_header][\/et_pb_section][et_pb_section fb_built=&#8220;1&#8243; _builder_version=&#8220;4.16&#8243; global_colors_info=&#8220;{}&#8220;][et_pb_row _builder_version=&#8220;4.16&#8243; background_size=&#8220;initial&#8220; background_position=&#8220;top_left&#8220; background_repeat=&#8220;repeat&#8220; global_colors_info=&#8220;{}&#8220;][et_pb_column type=&#8220;4_4&#8243; _builder_version=&#8220;4.16&#8243; custom_padding=&#8220;|||&#8220; global_colors_info=&#8220;{}&#8220; custom_padding__hover=&#8220;|||&#8220;][et_pb_text _builder_version=&#8220;4.19.2&#8243; text_font=&#8220;||||||||&#8220; text_font_size=&#8220;24px&#8220; text_line_height=&#8220;1.6em&#8220; global_colors_info=&#8220;{}&#8220;]<\/p>\n<p><span style=\"font-weight: 400;\">Pasinex Resources Limited hat ein erstklassiges F\u00fchrungsteam zusammengestellt, um in vielversprechenden, hochgradig mineralisierten Zink-Blei-Silber-Konzessionen in rohstoffreichen Gegenden der T\u00fcrkei und Nevada (USA) Explorations-, Erschlie\u00dfungs- und F\u00f6rderaktivit\u00e4ten durchzuf\u00fchren.<\/span><\/p>\n<p>[\/et_pb_text][\/et_pb_column][\/et_pb_row][\/et_pb_section][et_pb_section fb_built=&#8220;1&#8243; module_id=&#8220;press-releases&#8220; module_class=&#8220;anchored_heading&#8220; _builder_version=&#8220;4.16&#8243; global_colors_info=&#8220;{}&#8220;][et_pb_row column_structure=&#8220;1_2,1_2&#8243; _builder_version=&#8220;4.16&#8243; custom_padding=&#8220;0|0px|0|0px|false|false&#8220; global_colors_info=&#8220;{}&#8220;][et_pb_column type=&#8220;1_2&#8243; _builder_version=&#8220;4.16&#8243; custom_padding=&#8220;|||&#8220; global_colors_info=&#8220;{}&#8220; custom_padding__hover=&#8220;|||&#8220;][et_pb_image src=&#8220;https:\/\/pasinex.com\/wp-content\/uploads\/2021\/05\/pasinex-stock-price.jpg&#8220; title_text=&#8220;pasinex-stock-price&#8220; align_tablet=&#8220;center&#8220; align_phone=&#8220;&#8220; align_last_edited=&#8220;on|desktop&#8220; _builder_version=&#8220;4.16&#8243; global_colors_info=&#8220;{}&#8220;][\/et_pb_image][\/et_pb_column][et_pb_column type=&#8220;1_2&#8243; _builder_version=&#8220;4.16&#8243; custom_padding=&#8220;|||&#8220; global_colors_info=&#8220;{}&#8220; custom_padding__hover=&#8220;|||&#8220;][et_pb_text admin_label=&#8220;Latest Press Releases&#8220; _builder_version=&#8220;4.19.1&#8243; global_colors_info=&#8220;{}&#8220;]<\/p>\n<h2>AKTUELLE PRESSEMELDUNGEN<\/h2>\n<p>[\/et_pb_text][et_pb_blog posts_number=&#8220;1&#8243; include_categories=&#8220;9&#8243; show_thumbnail=&#8220;off&#8220; use_manual_excerpt=&#8220;off&#8220; show_author=&#8220;off&#8220; show_categories=&#8220;off&#8220; show_excerpt=&#8220;off&#8220; show_pagination=&#8220;off&#8220; _builder_version=&#8220;4.16&#8243; _module_preset=&#8220;default&#8220; header_level=&#8220;h6&#8243; header_font=&#8220;||||||||&#8220; header_text_color=&#8220;#222222&#8243; header_font_size=&#8220;16px&#8220; meta_text_color=&#8220;#828282&#8243; meta_font_size=&#8220;12px&#8220; background_color=&#8220;#F3F9FF&#8220; custom_margin=&#8220;||0px||false|false&#8220; custom_css_title=&#8220;text-transform: none;||font-weight:400;||padding-top:25px;||padding-left:25px;&#8220; custom_css_content=&#8220;||padding-bottom:25px;&#8220; custom_css_post_meta=&#8220;padding-left:25px;||&#8220; border_width_left_fullwidth=&#8220;8px&#8220; border_color_left_fullwidth=&#8220;#0E2977&#8243; locked=&#8220;off&#8220; global_colors_info=&#8220;{}&#8220;][\/et_pb_blog][et_pb_blog posts_number=&#8220;1&#8243; show_thumbnail=&#8220;off&#8220; use_manual_excerpt=&#8220;off&#8220; show_author=&#8220;off&#8220; show_categories=&#8220;off&#8220; show_excerpt=&#8220;off&#8220; show_pagination=&#8220;off&#8220; offset_number=&#8220;1&#8243; module_class=&#8220;link_on_new_window&#8220; _builder_version=&#8220;4.16&#8243; _module_preset=&#8220;default&#8220; header_level=&#8220;h6&#8243; header_font=&#8220;||||||||&#8220; header_text_color=&#8220;#222222&#8243; header_font_size=&#8220;16px&#8220; meta_text_color=&#8220;#828282&#8243; meta_font_size=&#8220;12px&#8220; background_color=&#8220;#F3F9FF&#8220; custom_margin=&#8220;||0px||false|false&#8220; custom_css_title=&#8220;text-transform: none;||font-weight:400;||padding-top:25px;||padding-left:25px;&#8220; custom_css_content=&#8220;||padding-bottom:25px;&#8220; custom_css_post_meta=&#8220;padding-left:25px;||&#8220; border_width_left_fullwidth=&#8220;8px&#8220; border_color_left_fullwidth=&#8220;#0E2977&#8243; locked=&#8220;off&#8220; global_colors_info=&#8220;{}&#8220;][\/et_pb_blog][et_pb_button button_url=&#8220;\/investors\/press-releases\/&#8220; button_text=&#8220;Alle Ansehen&#8220; _builder_version=&#8220;4.19.2&#8243; _module_preset=&#8220;default&#8220; global_colors_info=&#8220;{}&#8220;][\/et_pb_button][\/et_pb_column][\/et_pb_row][\/et_pb_section][et_pb_section fb_built=&#8220;1&#8243; module_id=&#8220;financial-statements&#8220; module_class=&#8220;anchored_heading&#8220; _builder_version=&#8220;4.16&#8243; background_color=&#8220;#F3F9FF&#8220; global_colors_info=&#8220;{}&#8220;][et_pb_row _builder_version=&#8220;4.16&#8243; global_colors_info=&#8220;{}&#8220;][et_pb_column type=&#8220;4_4&#8243; _builder_version=&#8220;4.16&#8243; custom_padding=&#8220;|||&#8220; global_colors_info=&#8220;{}&#8220; custom_padding__hover=&#8220;|||&#8220;][et_pb_text admin_label=&#8220;Financial Statements&#8220; _builder_version=&#8220;4.19.1&#8243; header_2_text_align=&#8220;center&#8220; global_colors_info=&#8220;{}&#8220;]<\/p>\n<h2>GESCH\u00c4FTSBERICHTE<\/h2>\n<p>[\/et_pb_text][\/et_pb_column][\/et_pb_row][et_pb_row _builder_version=&#8220;4.16&#8243; global_colors_info=&#8220;{}&#8220;][et_pb_column type=&#8220;4_4&#8243; _builder_version=&#8220;4.16&#8243; custom_padding=&#8220;|||&#8220; global_colors_info=&#8220;{}&#8220; custom_padding__hover=&#8220;|||&#8220;][et_pb_text admin_label=&#8220;Share Capitalization&#8220; module_class=&#8220;black&#8220; _builder_version=&#8220;4.19.1&#8243; link_text_color=&#8220;#000000&#8243; saved_tabs=&#8220;all&#8220; locked=&#8220;off&#8220; global_colors_info=&#8220;{}&#8220;]<\/p>\n<h2>FINANZBERICHTE 2022<\/h2>\n<p><a href=\"\/news\/2022\/FS-Q3-2022.pdf\" target=\"_blank\" rel=\"noopener\">Quarter 3 September 2022 Financial Statements<\/a><br \/><a href=\"\/news\/2022\/MDA-Q3-2022.pdf\" target=\"_blank\" rel=\"noopener\">Quarter 3 September 2022 Management Discussion and Analysis<\/a><\/p>\n<p><a href=\"\/news\/2022\/Pasinex-FS-June-30-2022.pdf\" target=\"_blank\" rel=\"noopener\">Quarter 2 June 2022 Financial Statements<\/a><br \/><a href=\"\/news\/2022\/MDA-Q2-2022.pdf\" target=\"_blank\" rel=\"noopener\">Quarter 2 June 2022 Management Discussion and Analysis<\/a><\/p>\n<p><a href=\"\/news\/2022\/Pasinex-FS-March-31-2022.pdf\" target=\"_blank\" rel=\"noopener\">Quarter 1 March 2022 Financial Statements<\/a><br \/><a href=\"\/news\/2022\/MDA-Q1-2022.pdf\" target=\"_blank\" rel=\"noopener\">Quarter 1 March 2022 Management Discussion and Analysis<\/a><\/p>\n<p>[\/et_pb_text][et_pb_button button_url=&#8220;\/investors\/financial-statements\/&#8220; button_text=&#8220;\u00c4ltere ansehen&#8220; _builder_version=&#8220;4.19.1&#8243; _module_preset=&#8220;default&#8220; global_colors_info=&#8220;{}&#8220;][\/et_pb_button][\/et_pb_column][\/et_pb_row][et_pb_row _builder_version=&#8220;4.16&#8243; global_colors_info=&#8220;{}&#8220;][et_pb_column type=&#8220;4_4&#8243; _builder_version=&#8220;4.16&#8243; custom_padding=&#8220;|||&#8220; global_colors_info=&#8220;{}&#8220; custom_padding__hover=&#8220;|||&#8220;][et_pb_text admin_label=&#8220;Financial Statements&#8220; _builder_version=&#8220;4.19.1&#8243; header_2_text_align=&#8220;center&#8220; global_colors_info=&#8220;{}&#8220;]<\/p>\n<h2>WICHTIGE UNTERLAGEN<\/h2>\n<p>[\/et_pb_text][et_pb_text _builder_version=&#8220;4.17.4&#8243; _module_preset=&#8220;default&#8220; global_colors_info=&#8220;{}&#8220;]<a href=\"\/news\/2022\/2021-ESTMA-Report.pdf\" target=\"_blank\" rel=\"noopener\">2021 Extractive Sector Transparency Measures Act &#8211; Annual Report<\/a><br \/>\n<a href=\"\/news\/2021\/2020-ESTMA-Report.pdf\" target=\"_blank\" rel=\"noopener\">2020 Extractive Sector Transparency Measures Act &#8211; Annual Report<\/a>[\/et_pb_text][et_pb_text _builder_version=&#8220;4.16&#8243; _module_preset=&#8220;default&#8220; global_colors_info=&#8220;{}&#8220;]<a href=\"\/news\/2022\/PSE-Notice-AGM.pdf\" target=\"_blank\" rel=\"noopener\">Notice Of Annual General Meeting of Shareholders<\/a><br \/>\n<a href=\"\/news\/2022\/PSE-Circular-AGM.pdf\" target=\"_blank\" rel=\"noopener\">Management Information Circular<\/a><br \/>\n<a href=\"\/news\/2022\/PSE-Proxy-AGM.pdf\" target=\"_blank\" rel=\"noopener\">Form of Proxy &#8211; Annual General Meeting to be held on February 16, 2022<\/a>[\/et_pb_text][\/et_pb_column][\/et_pb_row][\/et_pb_section][et_pb_section fb_built=&#8220;1&#8243; module_id=&#8220;share-structure&#8220; module_class=&#8220;anchored_heading&#8220; _builder_version=&#8220;4.16&#8243; global_colors_info=&#8220;{}&#8220;][et_pb_row _builder_version=&#8220;4.16&#8243; global_colors_info=&#8220;{}&#8220;][et_pb_column type=&#8220;4_4&#8243; _builder_version=&#8220;4.16&#8243; custom_padding=&#8220;|||&#8220; global_colors_info=&#8220;{}&#8220; custom_padding__hover=&#8220;|||&#8220;][et_pb_text admin_label=&#8220;Share Structure&#8220; _builder_version=&#8220;4.19.1&#8243; global_colors_info=&#8220;{}&#8220;]<\/p>\n<h2>AKTIENSTRUKTUR<\/h2>\n<p>[\/et_pb_text][\/et_pb_column][\/et_pb_row][et_pb_row _builder_version=&#8220;4.16&#8243; custom_padding=&#8220;|||&#8220; global_colors_info=&#8220;{}&#8220;][et_pb_column type=&#8220;4_4&#8243; _builder_version=&#8220;4.16&#8243; custom_padding=&#8220;|||&#8220; global_colors_info=&#8220;{}&#8220; custom_padding__hover=&#8220;|||&#8220;][et_pb_text admin_label=&#8220;Share Capitalization&#8220; module_class=&#8220;has_special_h2 &#8220; _builder_version=&#8220;4.19.1&#8243; header_2_font_size=&#8220;17px&#8220; global_colors_info=&#8220;{}&#8220;]<\/p>\n<h2>AKTIENKAPITALISIERUNG<\/h2>\n<p>[\/et_pb_text][\/et_pb_column][\/et_pb_row][et_pb_row column_structure=&#8220;1_3,1_3,1_3&#8243; make_equal=&#8220;on&#8220; _builder_version=&#8220;4.16&#8243; custom_padding=&#8220;0|0px|0|0px|false|false&#8220; saved_tabs=&#8220;all&#8220; global_colors_info=&#8220;{}&#8220;][et_pb_column type=&#8220;1_3&#8243; _builder_version=&#8220;4.16&#8243; custom_padding=&#8220;|||&#8220; custom_css_main_element=&#8220; border: 5px solid #f3f3f3;&#8220; global_colors_info=&#8220;{}&#8220; custom_padding__hover=&#8220;|||&#8220;][et_pb_text admin_label=&#8220;Issued and Outstanding&#8220; _builder_version=&#8220;4.27.5&#8243; header_4_text_align=&#8220;center&#8220; header_4_font_size=&#8220;26px&#8220; text_orientation=&#8220;center&#8220; custom_padding=&#8220;40px|20px|40px|20px&#8220; hover_enabled=&#8220;0&#8243; global_colors_info=&#8220;{}&#8220; sticky_enabled=&#8220;0&#8243;]<\/p>\n<h4>204,813,876<\/h4>\n<p>In Umlauf[\/et_pb_text][\/et_pb_column][et_pb_column type=&#8220;1_3&#8243; _builder_version=&#8220;4.16&#8243; custom_padding=&#8220;|||&#8220; custom_css_main_element=&#8220; border: 5px solid #f3f3f3;&#8220; global_colors_info=&#8220;{}&#8220; custom_padding__hover=&#8220;|||&#8220;][et_pb_text admin_label=&#8220;Reserved for Issue: Warrants&#8220; _builder_version=&#8220;4.19.1&#8243; header_4_text_align=&#8220;center&#8220; header_4_font_size=&#8220;26px&#8220; text_orientation=&#8220;center&#8220; custom_padding=&#8220;40px|20px|40px|20px&#8220; global_colors_info=&#8220;{}&#8220;]<\/p>\n<h4>0<\/h4>\n<p>Zur Ausgabe vorbehaltene Warrants[\/et_pb_text][\/et_pb_column][et_pb_column type=&#8220;1_3&#8243; _builder_version=&#8220;4.16&#8243; custom_padding=&#8220;|||&#8220; custom_css_main_element=&#8220; border: 5px solid #f3f3f3;&#8220; global_colors_info=&#8220;{}&#8220; custom_padding__hover=&#8220;|||&#8220;][et_pb_text admin_label=&#8220;Reserved for issue: Options&#8220; _builder_version=&#8220;4.27.5&#8243; header_4_text_align=&#8220;center&#8220; header_4_font_size=&#8220;26px&#8220; text_orientation=&#8220;center&#8220; custom_padding=&#8220;40px|20px|40px|20px&#8220; hover_enabled=&#8220;0&#8243; global_colors_info=&#8220;{}&#8220; sticky_enabled=&#8220;0&#8243;]<\/p>\n<h4>11,900,000<\/h4>\n<p>Zur Ausgabe vorbehaltene Optionsscheine[\/et_pb_text][\/et_pb_column][\/et_pb_row][et_pb_row _builder_version=&#8220;4.16&#8243; global_colors_info=&#8220;{}&#8220;][et_pb_column type=&#8220;4_4&#8243; _builder_version=&#8220;4.16&#8243; custom_padding=&#8220;|||&#8220; global_colors_info=&#8220;{}&#8220; custom_padding__hover=&#8220;|||&#8220;][et_pb_text admin_label=&#8220;Stock Exchange and Trading Symbol&#8220; module_class=&#8220;has_special_h2 &#8220; _builder_version=&#8220;4.19.1&#8243; header_2_font_size=&#8220;17px&#8220; global_colors_info=&#8220;{}&#8220;]<\/p>\n<h2>B\u00d6RSEN- UND HANDELSSYMBOL<\/h2>\n<p>[\/et_pb_text][\/et_pb_column][\/et_pb_row][et_pb_row column_structure=&#8220;1_2,1_2&#8243; make_equal=&#8220;on&#8220; _builder_version=&#8220;4.16&#8243; custom_padding=&#8220;0|0px|0|0px|false|false&#8220; saved_tabs=&#8220;all&#8220; global_colors_info=&#8220;{}&#8220;][et_pb_column type=&#8220;1_2&#8243; _builder_version=&#8220;4.16&#8243; background_color=&#8220;#f3f3f3&#8243; custom_padding=&#8220;|||&#8220; global_colors_info=&#8220;{}&#8220; custom_padding__hover=&#8220;|||&#8220;][et_pb_text admin_label=&#8220;Canadian Securities Exchange&#8220; _builder_version=&#8220;4.16&#8243; link_font=&#8220;ABeeZee|700|||||||&#8220; link_font_size=&#8220;30px&#8220; header_4_font_size=&#8220;40px&#8220; text_orientation=&#8220;center&#8220; custom_padding=&#8220;40px||40px|&#8220; link_option_url=&#8220;http:\/\/thecse.com\/en\/listings\/pasinex-resources-limited&#8220; link_option_url_new_window=&#8220;on&#8220; global_colors_info=&#8220;{}&#8220;]<\/p>\n<h4>PSE<\/h4>\n<p>Canadian Securities Exchange<\/p>\n<p><a href=\"https:\/\/thecse.com\/en\/listings\/pasinex-resources-limited\" target=\"_blank\" rel=\"noopener noreferrer\">&gt;<\/a>[\/et_pb_text][\/et_pb_column][et_pb_column type=&#8220;1_2&#8243; _builder_version=&#8220;4.16&#8243; background_color=&#8220;#f3f3f3&#8243; custom_padding=&#8220;|||&#8220; global_colors_info=&#8220;{}&#8220; custom_padding__hover=&#8220;|||&#8220;][et_pb_text admin_label=&#8220;Frankfurt Stock Exchange&#8220; _builder_version=&#8220;4.16&#8243; text_font=&#8220;ABeeZee||||||||&#8220; link_font=&#8220;|700|||||||&#8220; link_font_size=&#8220;30px&#8220; header_4_font_size=&#8220;40px&#8220; text_orientation=&#8220;center&#8220; custom_padding=&#8220;40px||40px|&#8220; link_option_url=&#8220;https:\/\/www.boerse-frankfurt.de\/equity\/pasinex-resources-ltd&#8220; link_option_url_new_window=&#8220;on&#8220; global_colors_info=&#8220;{}&#8220;]<\/p>\n<h4>PNX<\/h4>\n<p>Frankfurt Stock Exchange<\/p>\n<p><a href=\"https:\/\/www.boerse-frankfurt.de\/equity\/pasinex-resources-ltd\" target=\"_blank\" rel=\"noopener noreferrer\">&gt;<\/a>[\/et_pb_text][\/et_pb_column][\/et_pb_row][et_pb_row _builder_version=&#8220;4.16&#8243; custom_padding=&#8220;|||&#8220; global_colors_info=&#8220;{}&#8220;][et_pb_column type=&#8220;4_4&#8243; _builder_version=&#8220;4.16&#8243; custom_padding=&#8220;|||&#8220; global_colors_info=&#8220;{}&#8220; custom_padding__hover=&#8220;|||&#8220;][et_pb_text admin_label=&#8220;note&#8220; _builder_version=&#8220;4.19.1&#8243; text_font_size=&#8220;13px&#8220; global_colors_info=&#8220;{}&#8220;]Das Unternehmen weist darauf hin, dass trotz aller Bem\u00fchungen um pr\u00e4zise Angaben zum Unternehmen die hier enthaltenen Informationen ohne vorherige Ank\u00fcndigung ge\u00e4ndert werden k\u00f6nnen.[\/et_pb_text][\/et_pb_column][\/et_pb_row][\/et_pb_section][et_pb_section fb_built=&#8220;1&#8243; module_id=&#8220;presentations&#8220; module_class=&#8220;anchored_heading&#8220; _builder_version=&#8220;4.17.4&#8243; background_color=&#8220;#F3F9FF&#8220; global_colors_info=&#8220;{}&#8220;][et_pb_row _builder_version=&#8220;4.16&#8243; custom_padding=&#8220;0|0px|19px|0px|false|false&#8220; global_colors_info=&#8220;{}&#8220;][et_pb_column type=&#8220;4_4&#8243; _builder_version=&#8220;4.16&#8243; custom_padding=&#8220;|||&#8220; global_colors_info=&#8220;{}&#8220; custom_padding__hover=&#8220;|||&#8220;][et_pb_text admin_label=&#8220;Presentations&#8220; _builder_version=&#8220;4.19.1&#8243; header_2_text_align=&#8220;center&#8220; header_2_text_color=&#8220;#000000&#8243; global_colors_info=&#8220;{}&#8220;]<\/p>\n<h2>PR\u00c4SENTATIONEN<\/h2>\n<p>[\/et_pb_text][\/et_pb_column][\/et_pb_row][et_pb_row column_structure=&#8220;3_5,2_5&#8243; make_equal=&#8220;on&#8220; _builder_version=&#8220;4.17.4&#8243; link_option_url_new_window=&#8220;on&#8220; global_colors_info=&#8220;{}&#8220;][et_pb_column type=&#8220;3_5&#8243; _builder_version=&#8220;4.16&#8243; custom_padding=&#8220;|||&#8220; global_colors_info=&#8220;{}&#8220; custom_padding__hover=&#8220;|||&#8220;][et_pb_image src=&#8220;https:\/\/pasinex.com\/wp-content\/uploads\/2022\/01\/pasinex-corporate-presentation.jpg&#8220; title_text=&#8220;pasinex-corporate-presentation&#8220; url=&#8220;\/corporate-presentation\/&#8220; align_tablet=&#8220;center&#8220; align_phone=&#8220;&#8220; align_last_edited=&#8220;on|desktop&#8220; _builder_version=&#8220;4.17.4&#8243; global_colors_info=&#8220;{}&#8220;][\/et_pb_image][\/et_pb_column][et_pb_column type=&#8220;2_5&#8243; _builder_version=&#8220;4.16&#8243; custom_padding=&#8220;|||&#8220; custom_css_main_element=&#8220;margin:auto;&#8220; global_colors_info=&#8220;{}&#8220; custom_padding__hover=&#8220;|||&#8220;][et_pb_text _builder_version=&#8220;4.17.4&#8243; text_font=&#8220;||||||||&#8220; header_font=&#8220;||||||||&#8220; header_2_font=&#8220;||||||||&#8220; header_2_text_color=&#8220;#000000&#8243; text_orientation=&#8220;center&#8220; link_option_url=&#8220;\/corporate-presentation\/&#8220; global_colors_info=&#8220;{}&#8220;]<\/p>\n<h2>Corporate Presentation<\/h2>\n<p>[\/et_pb_text][\/et_pb_column][\/et_pb_row][\/et_pb_section]<\/p>\n","protected":false},"excerpt":{"rendered":"<p>Pasinex Resources Limited hat ein erstklassiges F\u00fchrungsteam zusammengestellt, um in vielversprechenden, hochgradig mineralisierten Zink-Blei-Silber-Konzessionen in rohstoffreichen Gegenden der T\u00fcrkei und Nevada (USA) Explorations-, Erschlie\u00dfungs- und F\u00f6rderaktivit\u00e4ten durchzuf\u00fchren.AKTUELLE PRESSEMELDUNGENGESCH\u00c4FTSBERICHTEFINANZBERICHTE 2022 Quarter 3 September 2022 Financial StatementsQuarter 3 September 2022 Management Discussion and Analysis Quarter 2 June 2022 Financial StatementsQuarter 2 June 2022 Management Discussion and Analysis [&hellip;]<\/p>\n","protected":false},"author":1,"featured_media":0,"parent":0,"menu_order":0,"comment_status":"closed","ping_status":"closed","template":"","meta":{"_et_pb_use_builder":"on","_et_pb_old_content":"","_et_gb_content_width":"","footnotes":""},"class_list":["post-6364","page","type-page","status-publish","hentry"],"_links":{"self":[{"href":"https:\/\/pasinex.com\/de\/wp-json\/wp\/v2\/pages\/6364","targetHints":{"allow":["GET"]}}],"collection":[{"href":"https:\/\/pasinex.com\/de\/wp-json\/wp\/v2\/pages"}],"about":[{"href":"https:\/\/pasinex.com\/de\/wp-json\/wp\/v2\/types\/page"}],"author":[{"embeddable":true,"href":"https:\/\/pasinex.com\/de\/wp-json\/wp\/v2\/users\/1"}],"replies":[{"embeddable":true,"href":"https:\/\/pasinex.com\/de\/wp-json\/wp\/v2\/comments?post=6364"}],"version-history":[{"count":0,"href":"https:\/\/pasinex.com\/de\/wp-json\/wp\/v2\/pages\/6364\/revisions"}],"wp:attachment":[{"href":"https:\/\/pasinex.com\/de\/wp-json\/wp\/v2\/media?parent=6364"}],"curies":[{"name":"wp","href":"https:\/\/api.w.org\/{rel}","templated":true}]}}