{"id":6369,"date":"2022-11-26T02:37:51","date_gmt":"2022-11-26T07:37:51","guid":{"rendered":"https:\/\/pasinex.com\/?page_id=6369"},"modified":"2025-12-14T01:50:46","modified_gmt":"2025-12-14T06:50:46","slug":"aktienstruktur","status":"publish","type":"page","link":"https:\/\/pasinex.com\/de\/investors-hub\/aktienstruktur\/","title":{"rendered":"Aktienstruktur"},"content":{"rendered":"<p>[et_pb_section fb_built=&#8220;1&#8243; disabled_on=&#8220;on|on|off&#8220; admin_label=&#8220;Section&#8220; _builder_version=&#8220;4.16&#8243; _module_preset=&#8220;default&#8220; custom_padding=&#8220;0px||0px||true|false&#8220; saved_tabs=&#8220;all&#8220; locked=&#8220;off&#8220; global_colors_info=&#8220;{}&#8220;][et_pb_row _builder_version=&#8220;4.16&#8243; _module_preset=&#8220;default&#8220; custom_padding=&#8220;13px||13px||true|false&#8220; global_colors_info=&#8220;{}&#8220;][et_pb_column type=&#8220;4_4&#8243; _builder_version=&#8220;4.16&#8243; _module_preset=&#8220;default&#8220; global_colors_info=&#8220;{}&#8220;][et_pb_menu menu_id=&#8220;40&#8243; active_link_color=&#8220;#1D6CB6&#8243; module_id=&#8220;top-header-menu&#8220; _builder_version=&#8220;4.16&#8243; _module_preset=&#8220;default&#8220; menu_font=&#8220;|700|||||||&#8220; global_colors_info=&#8220;{}&#8220;][\/et_pb_menu][\/et_pb_column][\/et_pb_row][\/et_pb_section][et_pb_section fb_built=&#8220;1&#8243; fullwidth=&#8220;on&#8220; _builder_version=&#8220;4.16&#8243; global_colors_info=&#8220;{}&#8220;][et_pb_fullwidth_header title=&#8220;Aktienstruktur&#8220; _builder_version=&#8220;4.19.1&#8243; title_font=&#8220;|700||on|||||&#8220; title_font_size=&#8220;50px&#8220; background_enable_color=&#8220;off&#8220; background_image=&#8220;https:\/\/pasinex.com\/wp-content\/uploads\/2018\/06\/profitable-public-mining-company.jpg&#8220; custom_css_title=&#8220;margin-top:100px;&#8220; global_colors_info=&#8220;{}&#8220; button_one_text_size__hover_enabled=&#8220;off&#8220; button_two_text_size__hover_enabled=&#8220;off&#8220; button_one_text_color__hover_enabled=&#8220;off&#8220; button_two_text_color__hover_enabled=&#8220;off&#8220; button_one_border_width__hover_enabled=&#8220;off&#8220; button_two_border_width__hover_enabled=&#8220;off&#8220; button_one_border_color__hover_enabled=&#8220;off&#8220; button_two_border_color__hover_enabled=&#8220;off&#8220; button_one_border_radius__hover_enabled=&#8220;off&#8220; button_two_border_radius__hover_enabled=&#8220;off&#8220; button_one_letter_spacing__hover_enabled=&#8220;off&#8220; button_two_letter_spacing__hover_enabled=&#8220;off&#8220; button_one_bg_color__hover_enabled=&#8220;off&#8220; button_two_bg_color__hover_enabled=&#8220;off&#8220;][\/et_pb_fullwidth_header][\/et_pb_section][et_pb_section fb_built=&#8220;1&#8243; _builder_version=&#8220;4.16&#8243; _module_preset=&#8220;default&#8220; global_colors_info=&#8220;{}&#8220;][et_pb_row _builder_version=&#8220;4.16&#8243; _module_preset=&#8220;default&#8220; global_colors_info=&#8220;{}&#8220;][et_pb_column type=&#8220;4_4&#8243; _builder_version=&#8220;4.16&#8243; _module_preset=&#8220;default&#8220; global_colors_info=&#8220;{}&#8220;][et_pb_text admin_label=&#8220;Share Capitalization&#8220; module_class=&#8220;has_special_h2 &#8220; _builder_version=&#8220;4.19.1&#8243; header_2_font_size=&#8220;17px&#8220; global_colors_info=&#8220;{}&#8220;]<\/p>\n<h2>AKTIENKAPITALISIERUNG<\/h2>\n<p>[\/et_pb_text][\/et_pb_column][\/et_pb_row][et_pb_row column_structure=&#8220;1_3,1_3,1_3&#8243; make_equal=&#8220;on&#8220; _builder_version=&#8220;4.16&#8243; custom_padding=&#8220;0|0px|0|0px|false|false&#8220; saved_tabs=&#8220;all&#8220; global_colors_info=&#8220;{}&#8220;][et_pb_column type=&#8220;1_3&#8243; _builder_version=&#8220;4.16&#8243; custom_padding=&#8220;|||&#8220; custom_css_main_element=&#8220; border: 5px solid #f3f3f3;&#8220; global_colors_info=&#8220;{}&#8220; custom_padding__hover=&#8220;|||&#8220;][et_pb_text admin_label=&#8220;Issued and Outstanding&#8220; _builder_version=&#8220;4.27.5&#8243; header_4_text_align=&#8220;center&#8220; header_4_font_size=&#8220;26px&#8220; text_orientation=&#8220;center&#8220; custom_padding=&#8220;40px|20px|40px|20px&#8220; hover_enabled=&#8220;0&#8243; global_colors_info=&#8220;{}&#8220; sticky_enabled=&#8220;0&#8243;]<\/p>\n<h4>204,813,876<\/h4>\n<p>In Umlauf<\/p>\n<p>[\/et_pb_text][\/et_pb_column][et_pb_column type=&#8220;1_3&#8243; _builder_version=&#8220;4.16&#8243; custom_padding=&#8220;|||&#8220; custom_css_main_element=&#8220; border: 5px solid #f3f3f3;&#8220; global_colors_info=&#8220;{}&#8220; custom_padding__hover=&#8220;|||&#8220;][et_pb_text admin_label=&#8220;Reserved for Issue: Warrants&#8220; _builder_version=&#8220;4.19.1&#8243; header_4_text_align=&#8220;center&#8220; header_4_font_size=&#8220;26px&#8220; text_orientation=&#8220;center&#8220; custom_padding=&#8220;40px|20px|40px|20px&#8220; global_colors_info=&#8220;{}&#8220;]<\/p>\n<h4>0<\/h4>\n<p>Zur Ausgabe vorbehaltene Warrants[\/et_pb_text][\/et_pb_column][et_pb_column type=&#8220;1_3&#8243; _builder_version=&#8220;4.16&#8243; custom_padding=&#8220;|||&#8220; custom_css_main_element=&#8220; border: 5px solid #f3f3f3;&#8220; global_colors_info=&#8220;{}&#8220; custom_padding__hover=&#8220;|||&#8220;][et_pb_text admin_label=&#8220;Reserved for issue: Options&#8220; _builder_version=&#8220;4.27.5&#8243; header_4_text_align=&#8220;center&#8220; header_4_font_size=&#8220;26px&#8220; text_orientation=&#8220;center&#8220; custom_padding=&#8220;40px|20px|40px|20px&#8220; hover_enabled=&#8220;0&#8243; global_colors_info=&#8220;{}&#8220; sticky_enabled=&#8220;0&#8243;]<\/p>\n<h4>11,900,000<\/h4>\n<p>Zur Ausgabe vorbehaltene Optionsscheine[\/et_pb_text][\/et_pb_column][\/et_pb_row][et_pb_row _builder_version=&#8220;4.16&#8243; global_colors_info=&#8220;{}&#8220;][et_pb_column type=&#8220;4_4&#8243; _builder_version=&#8220;4.16&#8243; custom_padding=&#8220;|||&#8220; global_colors_info=&#8220;{}&#8220; custom_padding__hover=&#8220;|||&#8220;][et_pb_text admin_label=&#8220;Stock Exchange and Trading Symbol&#8220; module_class=&#8220;has_special_h2 &#8220; _builder_version=&#8220;4.19.1&#8243; header_2_font_size=&#8220;17px&#8220; global_colors_info=&#8220;{}&#8220;]<\/p>\n<h2>B\u00d6RSEN- UND HANDELSSYMBOL<br \/>\n<\/h2>\n<p>[\/et_pb_text][\/et_pb_column][\/et_pb_row][et_pb_row column_structure=&#8220;1_2,1_2&#8243; make_equal=&#8220;on&#8220; _builder_version=&#8220;4.16&#8243; custom_padding=&#8220;0|0px|0|0px|false|false&#8220; saved_tabs=&#8220;all&#8220; global_colors_info=&#8220;{}&#8220;][et_pb_column type=&#8220;1_2&#8243; _builder_version=&#8220;4.16&#8243; background_color=&#8220;#f3f3f3&#8243; custom_padding=&#8220;|||&#8220; global_colors_info=&#8220;{}&#8220; custom_padding__hover=&#8220;|||&#8220;][et_pb_text admin_label=&#8220;Canadian Securities Exchange&#8220; _builder_version=&#8220;4.16&#8243; link_font=&#8220;ABeeZee|700|||||||&#8220; link_font_size=&#8220;30px&#8220; header_4_font_size=&#8220;40px&#8220; text_orientation=&#8220;center&#8220; custom_padding=&#8220;40px||40px|&#8220; link_option_url=&#8220;http:\/\/thecse.com\/en\/listings\/pasinex-resources-limited&#8220; link_option_url_new_window=&#8220;on&#8220; global_colors_info=&#8220;{}&#8220;]<\/p>\n<h4>PSE<\/h4>\n<p>Canadian Securities Exchange<\/p>\n<p><a href=\"https:\/\/thecse.com\/en\/listings\/pasinex-resources-limited\" target=\"_blank\" rel=\"noopener noreferrer\">&gt;<\/a>[\/et_pb_text][\/et_pb_column][et_pb_column type=&#8220;1_2&#8243; _builder_version=&#8220;4.16&#8243; background_color=&#8220;#f3f3f3&#8243; custom_padding=&#8220;|||&#8220; global_colors_info=&#8220;{}&#8220; custom_padding__hover=&#8220;|||&#8220;][et_pb_text admin_label=&#8220;Frankfurt Stock Exchange&#8220; _builder_version=&#8220;4.19.2&#8243; text_font=&#8220;ABeeZee||||||||&#8220; link_font=&#8220;|700|||||||&#8220; link_font_size=&#8220;30px&#8220; header_4_font_size=&#8220;40px&#8220; text_orientation=&#8220;center&#8220; custom_padding=&#8220;40px||40px|&#8220; link_option_url=&#8220;https:\/\/www.boerse-frankfurt.de\/equity\/pasinex-resources-ltd&#8220; link_option_url_new_window=&#8220;on&#8220; global_colors_info=&#8220;{}&#8220;]<\/p>\n<h4>PNX<\/h4>\n<p>B\u00f6rse Frankfurt<\/p>\n<p><a href=\"https:\/\/www.boerse-frankfurt.de\/equity\/pasinex-resources-ltd\" target=\"_blank\" rel=\"noopener noreferrer\">&gt;<\/a><\/p>\n<p>[\/et_pb_text][\/et_pb_column][\/et_pb_row][et_pb_row _builder_version=&#8220;4.16&#8243; custom_padding=&#8220;|||&#8220; global_colors_info=&#8220;{}&#8220;][et_pb_column type=&#8220;4_4&#8243; _builder_version=&#8220;4.16&#8243; custom_padding=&#8220;|||&#8220; global_colors_info=&#8220;{}&#8220; custom_padding__hover=&#8220;|||&#8220;][et_pb_text admin_label=&#8220;note&#8220; _builder_version=&#8220;4.19.1&#8243; text_font_size=&#8220;13px&#8220; global_colors_info=&#8220;{}&#8220;]Das Unternehmen weist darauf hin, dass trotz aller Bem\u00fchungen um pr\u00e4zise Angaben zum Unternehmen die hier enthaltenen Informationen ohne vorherige Ank\u00fcndigung ge\u00e4ndert werden k\u00f6nnen.[\/et_pb_text][\/et_pb_column][\/et_pb_row][\/et_pb_section]<\/p>\n","protected":false},"excerpt":{"rendered":"<p>AKTIENKAPITALISIERUNG204,813,876 In Umlauf0 Zur Ausgabe vorbehaltene Warrants11,900,000 Zur Ausgabe vorbehaltene OptionsscheineB\u00d6RSEN- UND HANDELSSYMBOL PSE Canadian Securities Exchange &gt;PNX B\u00f6rse Frankfurt &gt;Das Unternehmen weist darauf hin, dass trotz aller Bem\u00fchungen um pr\u00e4zise Angaben zum Unternehmen die hier enthaltenen Informationen ohne vorherige Ank\u00fcndigung ge\u00e4ndert werden k\u00f6nnen.<\/p>\n","protected":false},"author":1,"featured_media":0,"parent":6364,"menu_order":1,"comment_status":"open","ping_status":"closed","template":"","meta":{"_et_pb_use_builder":"on","_et_pb_old_content":"","_et_gb_content_width":"","footnotes":""},"class_list":["post-6369","page","type-page","status-publish","hentry"],"_links":{"self":[{"href":"https:\/\/pasinex.com\/de\/wp-json\/wp\/v2\/pages\/6369","targetHints":{"allow":["GET"]}}],"collection":[{"href":"https:\/\/pasinex.com\/de\/wp-json\/wp\/v2\/pages"}],"about":[{"href":"https:\/\/pasinex.com\/de\/wp-json\/wp\/v2\/types\/page"}],"author":[{"embeddable":true,"href":"https:\/\/pasinex.com\/de\/wp-json\/wp\/v2\/users\/1"}],"replies":[{"embeddable":true,"href":"https:\/\/pasinex.com\/de\/wp-json\/wp\/v2\/comments?post=6369"}],"version-history":[{"count":0,"href":"https:\/\/pasinex.com\/de\/wp-json\/wp\/v2\/pages\/6369\/revisions"}],"up":[{"embeddable":true,"href":"https:\/\/pasinex.com\/de\/wp-json\/wp\/v2\/pages\/6364"}],"wp:attachment":[{"href":"https:\/\/pasinex.com\/de\/wp-json\/wp\/v2\/media?parent=6369"}],"curies":[{"name":"wp","href":"https:\/\/api.w.org\/{rel}","templated":true}]}}