{"id":7027,"date":"2025-09-23T22:37:48","date_gmt":"2025-09-24T02:37:48","guid":{"rendered":"https:\/\/pasinex.com\/?page_id=7027"},"modified":"2025-09-23T22:37:48","modified_gmt":"2025-09-24T02:37:48","slug":"zinkprojekt-sarikaya","status":"publish","type":"page","link":"https:\/\/pasinex.com\/de\/zinkprojekt-sarikaya\/","title":{"rendered":"ZINKPROJEKT SARIKAYA"},"content":{"rendered":"<p>[et_pb_section fb_built=&#8220;1&#8243; disabled_on=&#8220;on|on|off&#8220; admin_label=&#8220;Section&#8220; _builder_version=&#8220;4.16&#8243; _module_preset=&#8220;default&#8220; custom_padding=&#8220;0px||0px||true|false&#8220; saved_tabs=&#8220;all&#8220; global_colors_info=&#8220;{}&#8220;][et_pb_row _builder_version=&#8220;4.16&#8243; _module_preset=&#8220;default&#8220; custom_padding=&#8220;13px||13px||true|false&#8220; global_colors_info=&#8220;{}&#8220;][et_pb_column type=&#8220;4_4&#8243; _builder_version=&#8220;4.16&#8243; _module_preset=&#8220;default&#8220; global_colors_info=&#8220;{}&#8220;][et_pb_menu menu_id=&#8220;39&#8243; active_link_color=&#8220;#1D6CB6&#8243; module_id=&#8220;top-header-menu&#8220; _builder_version=&#8220;4.16&#8243; _module_preset=&#8220;default&#8220; menu_font=&#8220;|700|||||||&#8220; global_colors_info=&#8220;{}&#8220;][\/et_pb_menu][\/et_pb_column][\/et_pb_row][\/et_pb_section][et_pb_section fb_built=&#8220;1&#8243; fullwidth=&#8220;on&#8220; _builder_version=&#8220;4.16&#8243; global_colors_info=&#8220;{}&#8220;][et_pb_fullwidth_header title=&#8220;ZINKPROJEKT SARIKAYA&#8220; _builder_version=&#8220;4.27.4&#8243; title_font=&#8220;|700||on|||||&#8220; title_font_size=&#8220;50px&#8220; background_enable_color=&#8220;off&#8220; background_image=&#8220;https:\/\/pasinex.com\/wp-content\/uploads\/2025\/09\/Sarikaya-Zinc-Project.jpg&#8220; hover_enabled=&#8220;0&#8243; custom_css_title=&#8220;margin-top:100px;&#8220; global_colors_info=&#8220;{}&#8220; button_one_text_size__hover_enabled=&#8220;off&#8220; button_two_text_size__hover_enabled=&#8220;off&#8220; button_one_text_color__hover_enabled=&#8220;off&#8220; button_two_text_color__hover_enabled=&#8220;off&#8220; button_one_border_width__hover_enabled=&#8220;off&#8220; button_two_border_width__hover_enabled=&#8220;off&#8220; button_one_border_color__hover_enabled=&#8220;off&#8220; button_two_border_color__hover_enabled=&#8220;off&#8220; button_one_border_radius__hover_enabled=&#8220;off&#8220; button_two_border_radius__hover_enabled=&#8220;off&#8220; button_one_letter_spacing__hover_enabled=&#8220;off&#8220; button_two_letter_spacing__hover_enabled=&#8220;off&#8220; button_one_bg_color__hover_enabled=&#8220;off&#8220; button_two_bg_color__hover_enabled=&#8220;off&#8220; sticky_enabled=&#8220;0&#8243;][\/et_pb_fullwidth_header][\/et_pb_section][et_pb_section fb_built=&#8220;1&#8243; _builder_version=&#8220;4.16&#8243; _module_preset=&#8220;default&#8220; global_colors_info=&#8220;{}&#8220;][et_pb_row _builder_version=&#8220;4.16&#8243; _module_preset=&#8220;default&#8220; global_colors_info=&#8220;{}&#8220;][et_pb_column type=&#8220;4_4&#8243; _builder_version=&#8220;4.16&#8243; _module_preset=&#8220;default&#8220; global_colors_info=&#8220;{}&#8220;][et_pb_text _builder_version=&#8220;4.27.4&#8243; _module_preset=&#8220;default&#8220; hover_enabled=&#8220;0&#8243; global_colors_info=&#8220;{}&#8220; sticky_enabled=&#8220;0&#8243;]<strong>Eine epochale Wachstumschance f\u00fcr Pasinex in der T\u00fcrkei<\/strong><\/p>\n<p>Sar\u0131kaya ist ein Projekt mit hochgradigen Zinkvorkommen im Karbonatgestein in der t\u00fcrkischen Provinz Kayseri. Das im Rahmen von Kleinbergbauinitiativen im Jahr 2025 erschlossene Projekt kann mit Zinkgehalten zwischen 30 % und 50 % sowie zahlreichen hochgradigen Zinkausbissen aufwarten. Sar\u0131kaya hat das Potenzial, sich f\u00fcr Pasinex zu einer wichtigen neuen Quelle von DSO-Roherz zu entwickeln. Das Projekt ist in strategisch g\u00fcnstiger Lage unweit der aktiven F\u00f6rderst\u00e4tten des Bergbaubetriebs Pinarg\u00f6z\u00fc angesiedelt und profitiert einerseits von den fachkundigen Explorations- und Bergbauteams der Firmen Horzum AS und Pasinex AS in der T\u00fcrkei und andererseits von einer langen Bergbautradition in der Region Develi.<\/p>\n<p>Sar\u0131kaya bietet mit seinen hochgradigen Zinkvorkommen sowohl kurz- als auch langfristig eine hohe Wertsch\u00f6pfung; es verf\u00fcgt \u00fcber Anbindung an das bestehende Stra\u00dfennetz sowie Strom- und Wasserversorgung an der Grenze des Konzessionsgebiets.[\/et_pb_text][et_pb_text _builder_version=&#8220;4.27.4&#8243; _module_preset=&#8220;default&#8220; hover_enabled=&#8220;0&#8243; global_colors_info=&#8220;{}&#8220; sticky_enabled=&#8220;0&#8243;]<\/p>\n<h2>WARUM SARIKAYA VON BEDEUTUNG IST<\/h2>\n<ul>\n<li>Hochwertige Zinkmineralisierung in oberfl\u00e4chennaher Lage, ideal f\u00fcr den Direkttransport von Roherz (DSO) mit geringen Verarbeitungskosten.<\/li>\n<li>Hohe Synergieeffekte mit der nahegelegenen Mine Pinarg\u00f6z\u00fc von Pasinex, Nutzung desselben Know-hows und Bergbauteams vor Ort.<\/li>\n<li>Mit einem klaren Erschlie\u00dfungsplan und bereits erteilten Genehmigungen f\u00fcr einen baldigen F\u00f6rderbeginn ger\u00fcstet.<\/li>\n<li>Wachstumspotenzial dank systematischer Exploration und eines langen Entwicklungszugs mit mineralisierten Verwerfungen.<\/li>\n<\/ul>\n<p>[\/et_pb_text][et_pb_text _builder_version=&#8220;4.27.4&#8243; _module_preset=&#8220;default&#8220; hover_enabled=&#8220;0&#8243; global_colors_info=&#8220;{}&#8220; sticky_enabled=&#8220;0&#8243;]<\/p>\n<h2>GEOLOGIE UND MINERALISIERUNG<\/h2>\n<ul>\n<li>Sar\u0131kaya beherbergt eine hochwertige Zinkmineralisierung im Karbonatgestein. Die Mineralisierung geht von Verwerfungen aus, stellenweise finden sich karstige Hohlraumf\u00fcllungen.<\/li>\n<li>Ausbisse aus Zinkkarbonat treten entlang einer etwa einen Kilometer langen Verwerfung zutage. In der Vergangenheit fanden nur in begrenztem Umfang Erschlie\u00dfungsarbeiten statt, gefolgt von kleinformatigen Abbaust\u00e4tten; erst allm\u00e4hlich beginnt man nun mit modernen systematischen Untersuchungen.<\/li>\n<\/ul>\n<p>[\/et_pb_text][et_pb_text _builder_version=&#8220;4.27.4&#8243; _module_preset=&#8220;default&#8220; hover_enabled=&#8220;0&#8243; global_colors_info=&#8220;{}&#8220; sticky_enabled=&#8220;0&#8243;]<\/p>\n<h2>BESITZVERH\u00c4LTNISSE UND VEREINBARUNGEN<\/h2>\n<ul>\n<li>Betreiber der Konzession Sar\u0131kaya ist die Firma Ayd\u0131n Teknik Madencilik ve \u0130n\u015faat Sanayi ve Ticaret A.\u015e.<\/li>\n<li>Pasinex Arama hat im Oktober 2024 einen Options- und Kaufvertrag zum Erwerb s\u00e4mtlicher Rechte an Ayd\u0131n Teknik f\u00fcr 2,6 Mio. USD abgeschlossen. Bis August 2025 wurde ein Teilbetrag von 350.000 USD des Kaufpreises bezahlt.<\/li>\n<li>Ein im September 2025 unterzeichneter Nachtrag sieht einen klaren Weg zum vollst\u00e4ndigen Eigentum vor:\n<ul>\n<li>Die am 30. September 2025 f\u00e4llige Zahlung von 250.000 USD l\u00f6st die \u00dcbertragung der Anteile aus (vorbehaltlich der Genehmigung durch MAPEG).<\/li>\n<li>Es erfolgt eine Verpf\u00e4ndung der Anteile im Wert von 2.000.000 USD mit gestaffelten Ratenzahlungen bis zum 30. Juni 2027.<\/li>\n<\/ul>\n<\/li>\n<li>Sobald die Genehmigungen erteilt und die Registrierungen abgeschlossen sind, wird Pasinex 100%iger Eigent\u00fcmer von Ayd\u0131n Teknik und der Konzession Sar\u0131kaya.<\/li>\n<\/ul>\n<p>[\/et_pb_text][et_pb_text _builder_version=&#8220;4.27.4&#8243; _module_preset=&#8220;default&#8220; hover_enabled=&#8220;0&#8243; global_colors_info=&#8220;{}&#8220; sticky_enabled=&#8220;0&#8243;]<\/p>\n<h2>BISHERIGE AKTIVIT\u00c4TEN<\/h2>\n<ul>\n<li>2024: Er\u00f6ffnung des Explorationsstollens; Auffindung von hochgradigem Sulfiderz unterhalb der Karbonatausbisse.<\/li>\n<li>Im vierten Quartal 2025 wird unmittelbar mit der Errichtung eines 90 Meter langen Stollens in Richtung einer bereits ermittelten, hochgradigen Zinkerzlagerst\u00e4tte (mit einem Zinkgehalt zwischen 30 und 40 %) begonnen; der Abbau soll im ersten bzw. zweiten Quartal 2026 beginnen.<\/li>\n<li>Nach weiteren Explorations- und Bohrarbeiten wird der Bau eines 300 Meter langen Stollens in Richtung einer hochgradigen Erzzone in Betracht gezogen.<\/li>\n<\/ul>\n<p>[\/et_pb_text][et_pb_text _builder_version=&#8220;4.27.4&#8243; _module_preset=&#8220;default&#8220; hover_enabled=&#8220;0&#8243; global_colors_info=&#8220;{}&#8220; sticky_enabled=&#8220;0&#8243;]<\/p>\n<h2>N\u00c4CHSTE SCHRITTE<\/h2>\n<ul>\n<li>Stollenverl\u00e4ngerung und Vorbereitung der Abbaubereiche: Fertigstellung der Verl\u00e4ngerung und Erschlie\u00dfung des Zugangs zur hochgradigen Zone. Mit den Arbeiten soll im vierten Quartal 2025 begonnen werden, mit dem Abbau im ersten und zweiten Quartal 2026.<\/li>\n<li>Explorationsprogramm: Kartierungen, Probenahmen und geophysikalische Untersuchungen unter der Leitung von Pasinex Arama und Thalex Geological Services zur Definition von Bohrzielen und zus\u00e4tzlichen Stollenstandorten.<\/li>\n<li>Untert\u00e4gige Bohrungen: Auf Grundlage eines verfeinerten Geomodells zur Unterst\u00fctzung eines erweiterten Abbauplans in sp\u00e4teren Phasen.<\/li>\n<li>Einholung der MAPEG-Genehmigung und Abschluss der Anteils\u00fcbertragung im vierten Quartal 2025.<\/li>\n<\/ul>\n<p>[\/et_pb_text][et_pb_text _builder_version=&#8220;4.27.4&#8243; _module_preset=&#8220;default&#8220; hover_enabled=&#8220;0&#8243; global_colors_info=&#8220;{}&#8220; sticky_enabled=&#8220;0&#8243;]<\/p>\n<h2>STANDORT UND INFRASTRUKTUR<\/h2>\n<ul>\n<li>Das Projekt befindet sich im Zentrum der T\u00fcrkei in der N\u00e4he von Develi, im wichtigsten zink- und bleif\u00fchrenden Karbonatg\u00fcrtel des Landes.<\/li>\n<li>Rund 300 km vom Hafen Mersin und von der Stadt Adana entfernt bzw. zwei Autostunden von Pinarg\u00f6z\u00fc entfernt.<\/li>\n<li>Anbindung an asphaltierte Stra\u00dfen, Strom- und Wasserversorgung sowie qualifizierte Bergbaudienstleister vor Ort.<\/li>\n<\/ul>\n<p>[\/et_pb_text][et_pb_text _builder_version=&#8220;4.27.4&#8243; _module_preset=&#8220;default&#8220; hover_enabled=&#8220;0&#8243; global_colors_info=&#8220;{}&#8220; sticky_enabled=&#8220;0&#8243;]<\/p>\n<h2>AUSBLICK<\/h2>\n<p>Sar\u0131kaya soll nicht nur baldige Ertr\u00e4ge abwerfen, sondern auch langfristig Chancen f\u00fcr Neuentdeckungen bieten. Mit der bevorstehenden MAPEG-Genehmigung und klar definierten Ma\u00dfnahmen zur Erschlie\u00dfung der Mine ist Sar\u0131kaya f\u00fcr Pasinex ein Eckpfeiler seines Portfolios an hochgradigen Zinkvorkommen.<br \/>\n[\/et_pb_text][et_pb_text _builder_version=&#8220;4.27.4&#8243; _module_preset=&#8220;default&#8220; hover_enabled=&#8220;0&#8243; global_colors_info=&#8220;{}&#8220; sticky_enabled=&#8220;0&#8243;]<\/p>\n<h2>ECKDATEN SIEHE FOLIEN<\/h2>\n<p>[\/et_pb_text][et_pb_image src=&#8220;https:\/\/pasinex.com\/wp-content\/uploads\/2025\/09\/Sarikaya-High-Grade-Zinc.webp&#8220; alt=&#8220;Sarikaya High Grade Zinc&#8220; _builder_version=&#8220;4.27.4&#8243; _module_preset=&#8220;default&#8220; border_width_all=&#8220;1px&#8220; global_colors_info=&#8220;{}&#8220;][\/et_pb_image][et_pb_image src=&#8220;https:\/\/pasinex.com\/wp-content\/uploads\/2025\/09\/Sarikaya-Excellent-Infrastructure.webp&#8220; alt=&#8220;Sarikaya Excellent Infrastructure&#8220; _builder_version=&#8220;4.27.4&#8243; _module_preset=&#8220;default&#8220; border_width_all=&#8220;1px&#8220; global_colors_info=&#8220;{}&#8220;][\/et_pb_image][et_pb_image src=&#8220;https:\/\/pasinex.com\/wp-content\/uploads\/2025\/09\/Sarikaya-Carbonate-Hosted-Zinc.webp&#8220; alt=&#8220;Sarikaya Carbonate Hosted Zinc&#8220; _builder_version=&#8220;4.27.4&#8243; _module_preset=&#8220;default&#8220; border_width_all=&#8220;1px&#8220; global_colors_info=&#8220;{}&#8220;][\/et_pb_image][et_pb_image src=&#8220;https:\/\/pasinex.com\/wp-content\/uploads\/2025\/09\/Sarikaya-High-Grade-Zinc-Discovery.webp&#8220; alt=&#8220;Sarikaya High Grade Zinc Discovery&#8220; _builder_version=&#8220;4.27.4&#8243; _module_preset=&#8220;default&#8220; border_width_all=&#8220;1px&#8220; global_colors_info=&#8220;{}&#8220;][\/et_pb_image][et_pb_image src=&#8220;https:\/\/pasinex.com\/wp-content\/uploads\/2025\/09\/Sarikaya-Phase-1.webp&#8220; alt=&#8220;Sarikaya Phase 1&#8243; _builder_version=&#8220;4.27.4&#8243; _module_preset=&#8220;default&#8220; border_width_all=&#8220;1px&#8220; global_colors_info=&#8220;{}&#8220;][\/et_pb_image][et_pb_image src=&#8220;https:\/\/pasinex.com\/wp-content\/uploads\/2025\/09\/Sarikaya-18-Month-Budget.webp&#8220; alt=&#8220;Sarikaya 18 Month Budget&#8220; _builder_version=&#8220;4.27.4&#8243; _module_preset=&#8220;default&#8220; border_width_all=&#8220;1px&#8220; global_colors_info=&#8220;{}&#8220;][\/et_pb_image][et_pb_text _builder_version=&#8220;4.27.4&#8243; _module_preset=&#8220;default&#8220; hover_enabled=&#8220;0&#8243; global_colors_info=&#8220;{}&#8220; sticky_enabled=&#8220;0&#8243;]<\/p>\n<h2>VORSORGLICHER HINWEIS<\/h2>\n<p>Derzeit ist f\u00fcr Sar\u0131kaya keine NI 43 101-konforme Mineralressourcensch\u00e4tzung vorhanden. Bestimmte Aussagen auf dieser Seite sind in die Zukunft gerichtet und unterliegen Risiken und Unw\u00e4gbarkeiten in Bezug auf Projektgenehmigungen, Finanzierungen, Explorationserfolge und Marktlage etc. Die Leser sind angehalten, f\u00fcr weitere Informationen die laufende Berichterstattung des Unternehmens zu konsultieren.[\/et_pb_text][\/et_pb_column][\/et_pb_row][\/et_pb_section]<\/p>\n","protected":false},"excerpt":{"rendered":"<p>Eine epochale Wachstumschance f\u00fcr Pasinex in der T\u00fcrkei Sar\u0131kaya ist ein Projekt mit hochgradigen Zinkvorkommen im Karbonatgestein in der t\u00fcrkischen Provinz Kayseri. Das im Rahmen von Kleinbergbauinitiativen im Jahr 2025 erschlossene Projekt kann mit Zinkgehalten zwischen 30 % und 50 % sowie zahlreichen hochgradigen Zinkausbissen aufwarten. Sar\u0131kaya hat das Potenzial, sich f\u00fcr Pasinex zu einer [&hellip;]<\/p>\n","protected":false},"author":1,"featured_media":0,"parent":0,"menu_order":0,"comment_status":"closed","ping_status":"closed","template":"","meta":{"_et_pb_use_builder":"on","_et_pb_old_content":"<p>[et_pb_section fb_built=\"1\" disabled_on=\"on|on|off\" admin_label=\"Section\" _builder_version=\"4.14.5\" _module_preset=\"default\" custom_padding=\"0px||0px||true|false\" global_module=\"5450\" saved_tabs=\"all\" global_colors_info=\"{}\"][et_pb_row _builder_version=\"4.16\" _module_preset=\"default\" custom_padding=\"13px||13px||true|false\" global_colors_info=\"{}\"][et_pb_column type=\"4_4\" _builder_version=\"4.16\" _module_preset=\"default\" global_colors_info=\"{}\"][et_pb_menu menu_id=\"39\" active_link_color=\"#1D6CB6\" module_id=\"top-header-menu\" _builder_version=\"4.16\" _module_preset=\"default\" menu_font=\"|700|||||||\" global_colors_info=\"{}\"][\/et_pb_menu][\/et_pb_column][\/et_pb_row][\/et_pb_section][et_pb_section fb_built=\"1\" fullwidth=\"on\" _builder_version=\"4.16\" global_colors_info=\"{}\"][et_pb_fullwidth_header title=\"Sar\u0131kaya Zinc Project\" _builder_version=\"4.27.4\" title_font=\"|700||on|||||\" title_font_size=\"50px\" background_enable_color=\"off\" background_image=\"https:\/\/pasinex.com\/wp-content\/uploads\/2025\/09\/Sarikaya-Zinc-Project.jpg\" custom_css_title=\"margin-top:100px;\" global_colors_info=\"{}\" button_one_text_size__hover_enabled=\"off\" button_two_text_size__hover_enabled=\"off\" button_one_text_color__hover_enabled=\"off\" button_two_text_color__hover_enabled=\"off\" button_one_border_width__hover_enabled=\"off\" button_two_border_width__hover_enabled=\"off\" button_one_border_color__hover_enabled=\"off\" button_two_border_color__hover_enabled=\"off\" button_one_border_radius__hover_enabled=\"off\" button_two_border_radius__hover_enabled=\"off\" button_one_letter_spacing__hover_enabled=\"off\" button_two_letter_spacing__hover_enabled=\"off\" button_one_bg_color__hover_enabled=\"off\" button_two_bg_color__hover_enabled=\"off\"][\/et_pb_fullwidth_header][\/et_pb_section][et_pb_section fb_built=\"1\" _builder_version=\"4.16\" _module_preset=\"default\" global_colors_info=\"{}\"][et_pb_row _builder_version=\"4.16\" _module_preset=\"default\" global_colors_info=\"{}\"][et_pb_column type=\"4_4\" _builder_version=\"4.16\" _module_preset=\"default\" global_colors_info=\"{}\"][et_pb_text _builder_version=\"4.27.4\" _module_preset=\"default\" global_colors_info=\"{}\"]<strong>A cornerstone growth opportunity for Pasinex in T\u00fcrkiye<\/strong><\/p><p>Sar\u0131kaya is a high-grade, carbonate-hosted zinc project in Kayseri Province, T\u00fcrkiye. With zinc grades ranging from 30% to 50% identified by small scale mining in 2025 and numerous high-grade zinc outcrops. Sar\u0131kaya has the potential to become a major new source of direct shipping ore for Pasinex. The project is strategically located near existing operations at Pinarg\u00f6z\u00fc mine and benefits from established exploration and mining team of Horzum AS and Pasinex AS in Turkiye along with a long mining tradition in the Develi region.<\/p><p>Sar\u0131kaya offers strong near-term and long-term value with high zinc grades. adjunct to existing roads, electricity and water at the License boundary[\/et_pb_text][et_pb_text _builder_version=\"4.27.4\" _module_preset=\"default\" global_colors_info=\"{}\"]<\/p><h2>Why Sar\u0131kaya matters<\/h2><ul><li>High-grade zinc mineralization accessible near surface, ideal for direct shipping with low processing costs<\/li><li>Strong synergy with Pasinex\u2019s nearby Pinarg\u00f6z\u00fc mine, leveraging the same local mining team and expertise<\/li><li>Positioned for near-term production with a clear development plan and permitting in place<\/li><li>Growth potential supported by systematic exploration and a long mineralized fault trend that remains largely untested<\/li><\/ul><p>[\/et_pb_text][et_pb_text _builder_version=\"4.27.4\" _module_preset=\"default\" global_colors_info=\"{}\"]<\/p><h2>Geology and mineralization<\/h2><ul><li>Sar\u0131kaya hosts high grade, carbonate hosted zinc mineralization. Mineralization is fault controlled with local karstic open space fillings<\/li><li>Zinc carbonate outcrops occur along an approximately one kilometer long fault. Limited historical work was followed by small scale mining, with modern systematic surveys only now commencing<\/li><\/ul><p>[\/et_pb_text][et_pb_text _builder_version=\"4.27.4\" _module_preset=\"default\" global_colors_info=\"{}\"]<\/p><h2>Ownership and agreement<\/h2><ul><li>The Sar\u0131kaya license is held by Ayd\u0131n Teknik Madencilik ve \u0130n\u015faat Sanayi ve Ticaret A.\u015e.<\/li><li>Pasinex Arama entered into an Option and Purchase Agreement in October 2024 to acquire 100% of Ayd\u0131n Teknik for US$2.6M.<br \/>US$350,000 has been paid towards the purchase price by August 2025.<\/li><li>An Addendum signed in September 2025 provides a clear pathway to full ownership:<ul><li>US$250,000 payment due September 30, 2025 triggers share transfer (subject to MAPEG approval)<\/li><li>US$2,000,000 pledge over the shares, with staged installments through June 30, 2027<\/li><\/ul><\/li><li>Once approvals and registrations are complete, Pasinex will own 100% of Ayd\u0131n Teknik and the Sar\u0131kaya license.<\/li><\/ul><p>\u00a0<\/p><p>[\/et_pb_text][et_pb_text _builder_version=\"4.27.4\" _module_preset=\"default\" global_colors_info=\"{}\"]<\/p><h2>Work to date<\/h2><ul><li>2024: Exploration adit opened; high-grade sulphide identified beneath carbonate outcrops<\/li><li>A 90 meter adit will commence immediately in Q4 of 2025 towards an identified high grade zinc ore location (at a range of 30 to 40 % zinc) and mining is expected to start in Q1-Q2, 2026.<\/li><li>A 300 meter adit is being contemplated towards a high-grade ore zone after further exploration and drilling is conducted.<\/li><\/ul><p>[\/et_pb_text][et_pb_text _builder_version=\"4.27.4\" _module_preset=\"default\" global_colors_info=\"{}\"]<\/p><h2>Next steps<\/h2><ul><li>Adit extension and mine preparation: Complete the extension and begin accessing the high-grade zone. Work scheduled to start in Q4 2025, with mining targeted for Q1\u2013Q2 2026<\/li><li>Exploration program: Mapping, sampling, and geophysics led by Pasinex Arama and Thalex Geological Services to define drill targets and additional adit sites<\/li><li>Underground drilling: Guided by a refined geological model, supporting an expanded mining plan in later phases<\/li><li>Secure MAPEG approval and complete share transfer in Q4 of 2025.<\/li><\/ul><p>[\/et_pb_text][et_pb_text _builder_version=\"4.27.4\" _module_preset=\"default\" global_colors_info=\"{}\"]<\/p><h2>Location and infrastructure<\/h2><ul><li>Situated in central T\u00fcrkiye near Develi, in the country\u2019s most important carbonate-hosted zinc-lead belt<\/li><li>Approximately 300 km to the Port of Mersin and to Adana, and a two-hour drive from Pinarg\u00f6z\u00fc<\/li><li>Access to paved roads, electricity, water, and skilled local mining services<\/li><\/ul><p>[\/et_pb_text][et_pb_text _builder_version=\"4.27.4\" _module_preset=\"default\" global_colors_info=\"{}\"]<\/p><h2>Outlook<\/h2><p>Sar\u0131kaya is designed to deliver both near-term cash flow and long-term discovery upside. With MAPEG approval pending and mine development steps clearly defined, Pasinex is positioning Sar\u0131kaya as a cornerstone asset in its high-grade zinc portfolio.<\/p><p>[\/et_pb_text][et_pb_text _builder_version=\"4.27.4\" _module_preset=\"default\" global_colors_info=\"{}\"]<\/p><h2>View Highlights In Slides<\/h2><p>[\/et_pb_text][et_pb_image src=\"https:\/\/pasinex.com\/wp-content\/uploads\/2025\/09\/Sarikaya-High-Grade-Zinc.webp\" alt=\"Sarikaya High Grade Zinc\" _builder_version=\"4.27.4\" _module_preset=\"default\" border_width_all=\"1px\" global_colors_info=\"{}\"][\/et_pb_image][et_pb_image src=\"https:\/\/pasinex.com\/wp-content\/uploads\/2025\/09\/Sarikaya-Excellent-Infrastructure.webp\" alt=\"Sarikaya Excellent Infrastructure\" _builder_version=\"4.27.4\" _module_preset=\"default\" border_width_all=\"1px\" global_colors_info=\"{}\"][\/et_pb_image][et_pb_image src=\"https:\/\/pasinex.com\/wp-content\/uploads\/2025\/09\/Sarikaya-Carbonate-Hosted-Zinc.webp\" alt=\"Sarikaya Carbonate Hosted Zinc\" _builder_version=\"4.27.4\" _module_preset=\"default\" border_width_all=\"1px\" global_colors_info=\"{}\"][\/et_pb_image][et_pb_image src=\"https:\/\/pasinex.com\/wp-content\/uploads\/2025\/09\/Sarikaya-High-Grade-Zinc-Discovery.webp\" alt=\"Sarikaya High Grade Zinc Discovery\" _builder_version=\"4.27.4\" _module_preset=\"default\" border_width_all=\"1px\" global_colors_info=\"{}\"][\/et_pb_image][et_pb_image src=\"https:\/\/pasinex.com\/wp-content\/uploads\/2025\/09\/Sarikaya-Phase-1.webp\" alt=\"Sarikaya Phase 1\" _builder_version=\"4.27.4\" _module_preset=\"default\" border_width_all=\"1px\" global_colors_info=\"{}\"][\/et_pb_image][et_pb_image src=\"https:\/\/pasinex.com\/wp-content\/uploads\/2025\/09\/Sarikaya-18-Month-Budget.webp\" alt=\"Sarikaya 18 Month Budget\" _builder_version=\"4.27.4\" _module_preset=\"default\" border_width_all=\"1px\" global_colors_info=\"{}\"][\/et_pb_image][et_pb_text _builder_version=\"4.27.4\" _module_preset=\"default\" global_colors_info=\"{}\"]<\/p><h2>Cautionary note<\/h2><p>No current NI 43\u2011101 mineral resource estimate exists for Sar\u0131kaya. Certain statements on this page are forward looking and subject to risks and uncertainties including project approvals, financing, exploration success, and market conditions. Readers should review the Company\u2019s continuous disclosure filings for additional information.<\/p><p>[\/et_pb_text][\/et_pb_column][\/et_pb_row][\/et_pb_section]<\/p>","_et_gb_content_width":"","footnotes":""},"class_list":["post-7027","page","type-page","status-publish","hentry"],"_links":{"self":[{"href":"https:\/\/pasinex.com\/de\/wp-json\/wp\/v2\/pages\/7027","targetHints":{"allow":["GET"]}}],"collection":[{"href":"https:\/\/pasinex.com\/de\/wp-json\/wp\/v2\/pages"}],"about":[{"href":"https:\/\/pasinex.com\/de\/wp-json\/wp\/v2\/types\/page"}],"author":[{"embeddable":true,"href":"https:\/\/pasinex.com\/de\/wp-json\/wp\/v2\/users\/1"}],"replies":[{"embeddable":true,"href":"https:\/\/pasinex.com\/de\/wp-json\/wp\/v2\/comments?post=7027"}],"version-history":[{"count":0,"href":"https:\/\/pasinex.com\/de\/wp-json\/wp\/v2\/pages\/7027\/revisions"}],"wp:attachment":[{"href":"https:\/\/pasinex.com\/de\/wp-json\/wp\/v2\/media?parent=7027"}],"curies":[{"name":"wp","href":"https:\/\/api.w.org\/{rel}","templated":true}]}}